{"id":1070,"date":"2021-07-22T16:36:19","date_gmt":"2021-07-22T16:36:19","guid":{"rendered":"https:\/\/www.bellae-institut.com\/?page_id=1070"},"modified":"2021-07-23T11:09:45","modified_gmt":"2021-07-23T11:09:45","slug":"gestion-reservation","status":"publish","type":"page","link":"https:\/\/www.bellae-institut.com\/pt\/gestion-reservation\/","title":{"rendered":"Gestion r\u00e9servation"},"content":{"rendered":"<div data-elementor-type=\"wp-page\" data-elementor-id=\"1070\" class=\"elementor elementor-1070\">\n\t\t\t\t\t\t<section class=\"elementor-section elementor-top-section elementor-element elementor-element-fc68a08 elementor-section-boxed elementor-section-height-default elementor-section-height-default\" data-id=\"fc68a08\" data-element_type=\"section\" data-e-type=\"section\">\n\t\t\t\t\t\t<div class=\"elementor-container elementor-column-gap-default\">\n\t\t\t\t\t<div class=\"elementor-column elementor-col-100 elementor-top-column elementor-element elementor-element-5a1463e\" data-id=\"5a1463e\" data-element_type=\"column\" data-e-type=\"column\">\n\t\t\t<div class=\"elementor-widget-wrap\">\n\t\t\t\t\t\t\t<\/div>\n\t\t<\/div>\n\t\t\t\t\t<\/div>\n\t\t<\/section>\n\t\t\t\t<\/div>","protected":false},"excerpt":{"rendered":"<p>[ameliacustomerpanel appointments=1 events=1]<\/p>\n","protected":false},"author":1,"featured_media":349,"parent":0,"menu_order":0,"comment_status":"closed","ping_status":"closed","template":"","meta":{"_joinchat":[],"footnotes":""},"class_list":["post-1070","page","type-page","status-publish","has-post-thumbnail","hentry"],"yoast_head":"<!-- This site is optimized with the Yoast SEO plugin v27.4 - https:\/\/yoast.com\/product\/yoast-seo-wordpress\/ -->\n<title>Gestion r\u00e9servation | Institut Bella\u00eb - Bien-\u00eatre &amp; Beaut\u00e9<\/title>\n<meta name=\"description\" content=\"La gestion de votre r\u00e9servation \u00e0 l&#039;institut Bella\u00eb se fait dans cette page. Vous pouvez consulter, modifier ou annuler votre rendez-vous.\" \/>\n<meta name=\"robots\" content=\"index, follow, max-snippet:-1, max-image-preview:large, max-video-preview:-1\" \/>\n<link rel=\"canonical\" href=\"https:\/\/www.bellae-institut.com\/pt\/gestion-reservation\/\" \/>\n<meta property=\"og:locale\" content=\"pt_PT\" \/>\n<meta property=\"og:type\" content=\"article\" \/>\n<meta property=\"og:title\" content=\"Gestion r\u00e9servation | Institut Bella\u00eb - Bien-\u00eatre &amp; Beaut\u00e9\" \/>\n<meta property=\"og:description\" content=\"La gestion de votre r\u00e9servation \u00e0 l&#039;institut Bella\u00eb se fait dans cette page. Vous pouvez consulter, modifier ou annuler votre rendez-vous.\" \/>\n<meta property=\"og:url\" content=\"https:\/\/www.bellae-institut.com\/pt\/gestion-reservation\/\" \/>\n<meta property=\"og:site_name\" content=\"Bella\u00eb\" \/>\n<meta property=\"article:modified_time\" content=\"2021-07-23T11:09:45+00:00\" \/>\n<meta property=\"og:image\" content=\"https:\/\/i0.wp.com\/www.bellae-institut.com\/wp-content\/uploads\/2021\/07\/IMG_20190912_194048-scaled-e1626879757117.jpg?fit=1920%2C1920&ssl=1\" \/>\n\t<meta property=\"og:image:width\" content=\"1920\" \/>\n\t<meta property=\"og:image:height\" content=\"1920\" \/>\n\t<meta property=\"og:image:type\" content=\"image\/jpeg\" \/>\n<meta name=\"twitter:card\" content=\"summary_large_image\" \/>\n<meta name=\"twitter:label1\" content=\"Tempo estimado de leitura\" \/>\n\t<meta name=\"twitter:data1\" content=\"1 minuto\" \/>\n<script type=\"application\/ld+json\" class=\"yoast-schema-graph\">{\"@context\":\"https:\\\/\\\/schema.org\",\"@graph\":[{\"@type\":\"WebPage\",\"@id\":\"https:\\\/\\\/www.bellae-institut.com\\\/gestion-reservation\\\/\",\"url\":\"https:\\\/\\\/www.bellae-institut.com\\\/gestion-reservation\\\/\",\"name\":\"Gestion r\u00e9servation | Institut Bella\u00eb - Bien-\u00eatre & Beaut\u00e9\",\"isPartOf\":{\"@id\":\"https:\\\/\\\/www.bellae-institut.com\\\/#website\"},\"primaryImageOfPage\":{\"@id\":\"https:\\\/\\\/www.bellae-institut.com\\\/gestion-reservation\\\/#primaryimage\"},\"image\":{\"@id\":\"https:\\\/\\\/www.bellae-institut.com\\\/gestion-reservation\\\/#primaryimage\"},\"thumbnailUrl\":\"https:\\\/\\\/i0.wp.com\\\/www.bellae-institut.com\\\/wp-content\\\/uploads\\\/2021\\\/07\\\/IMG_20190912_194048-scaled-e1626879757117.jpg?fit=1920%2C1920&ssl=1\",\"datePublished\":\"2021-07-22T16:36:19+00:00\",\"dateModified\":\"2021-07-23T11:09:45+00:00\",\"description\":\"La gestion de votre r\u00e9servation \u00e0 l'institut Bella\u00eb se fait dans cette page. Vous pouvez consulter, modifier ou annuler votre rendez-vous.\",\"breadcrumb\":{\"@id\":\"https:\\\/\\\/www.bellae-institut.com\\\/gestion-reservation\\\/#breadcrumb\"},\"inLanguage\":\"pt-PT\",\"potentialAction\":[{\"@type\":\"ReadAction\",\"target\":[\"https:\\\/\\\/www.bellae-institut.com\\\/gestion-reservation\\\/\"]}]},{\"@type\":\"ImageObject\",\"inLanguage\":\"pt-PT\",\"@id\":\"https:\\\/\\\/www.bellae-institut.com\\\/gestion-reservation\\\/#primaryimage\",\"url\":\"https:\\\/\\\/i0.wp.com\\\/www.bellae-institut.com\\\/wp-content\\\/uploads\\\/2021\\\/07\\\/IMG_20190912_194048-scaled-e1626879757117.jpg?fit=1920%2C1920&ssl=1\",\"contentUrl\":\"https:\\\/\\\/i0.wp.com\\\/www.bellae-institut.com\\\/wp-content\\\/uploads\\\/2021\\\/07\\\/IMG_20190912_194048-scaled-e1626879757117.jpg?fit=1920%2C1920&ssl=1\",\"width\":1920,\"height\":1920,\"caption\":\"centre esth\u00e9tique\"},{\"@type\":\"BreadcrumbList\",\"@id\":\"https:\\\/\\\/www.bellae-institut.com\\\/gestion-reservation\\\/#breadcrumb\",\"itemListElement\":[{\"@type\":\"ListItem\",\"position\":1,\"name\":\"Accueil\",\"item\":\"https:\\\/\\\/www.bellae-institut.com\\\/\"},{\"@type\":\"ListItem\",\"position\":2,\"name\":\"Gestion r\u00e9servation\"}]},{\"@type\":\"WebSite\",\"@id\":\"https:\\\/\\\/www.bellae-institut.com\\\/#website\",\"url\":\"https:\\\/\\\/www.bellae-institut.com\\\/\",\"name\":\"Bella\u00eb\",\"description\":\"Bien-\u00eatre &amp; Beaut\u00e9\",\"publisher\":{\"@id\":\"https:\\\/\\\/www.bellae-institut.com\\\/#organization\"},\"potentialAction\":[{\"@type\":\"SearchAction\",\"target\":{\"@type\":\"EntryPoint\",\"urlTemplate\":\"https:\\\/\\\/www.bellae-institut.com\\\/?s={search_term_string}\"},\"query-input\":{\"@type\":\"PropertyValueSpecification\",\"valueRequired\":true,\"valueName\":\"search_term_string\"}}],\"inLanguage\":\"pt-PT\"},{\"@type\":\"Organization\",\"@id\":\"https:\\\/\\\/www.bellae-institut.com\\\/#organization\",\"name\":\"Bella\u00eb\",\"url\":\"https:\\\/\\\/www.bellae-institut.com\\\/\",\"logo\":{\"@type\":\"ImageObject\",\"inLanguage\":\"pt-PT\",\"@id\":\"https:\\\/\\\/www.bellae-institut.com\\\/#\\\/schema\\\/logo\\\/image\\\/\",\"url\":\"https:\\\/\\\/i0.wp.com\\\/www.bellae-institut.com\\\/wp-content\\\/uploads\\\/2023\\\/07\\\/Academie-Bellae_logo-B-seul.png?fit=482%2C481&ssl=1\",\"contentUrl\":\"https:\\\/\\\/i0.wp.com\\\/www.bellae-institut.com\\\/wp-content\\\/uploads\\\/2023\\\/07\\\/Academie-Bellae_logo-B-seul.png?fit=482%2C481&ssl=1\",\"width\":482,\"height\":481,\"caption\":\"Bella\u00eb\"},\"image\":{\"@id\":\"https:\\\/\\\/www.bellae-institut.com\\\/#\\\/schema\\\/logo\\\/image\\\/\"}}]}<\/script>\n<!-- \/ Yoast SEO plugin. -->","yoast_head_json":{"title":"Gestion r\u00e9servation | Institut Bella\u00eb - Bien-\u00eatre & Beaut\u00e9","description":"La gestion de votre r\u00e9servation \u00e0 l'institut Bella\u00eb se fait dans cette page. Vous pouvez consulter, modifier ou annuler votre rendez-vous.","robots":{"index":"index","follow":"follow","max-snippet":"max-snippet:-1","max-image-preview":"max-image-preview:large","max-video-preview":"max-video-preview:-1"},"canonical":"https:\/\/www.bellae-institut.com\/pt\/gestion-reservation\/","og_locale":"pt_PT","og_type":"article","og_title":"Gestion r\u00e9servation | Institut Bella\u00eb - Bien-\u00eatre & Beaut\u00e9","og_description":"La gestion de votre r\u00e9servation \u00e0 l'institut Bella\u00eb se fait dans cette page. Vous pouvez consulter, modifier ou annuler votre rendez-vous.","og_url":"https:\/\/www.bellae-institut.com\/pt\/gestion-reservation\/","og_site_name":"Bella\u00eb","article_modified_time":"2021-07-23T11:09:45+00:00","og_image":[{"width":1920,"height":1920,"url":"https:\/\/i0.wp.com\/www.bellae-institut.com\/wp-content\/uploads\/2021\/07\/IMG_20190912_194048-scaled-e1626879757117.jpg?fit=1920%2C1920&ssl=1","type":"image\/jpeg"}],"twitter_card":"summary_large_image","twitter_misc":{"Tempo estimado de leitura":"1 minuto"},"schema":{"@context":"https:\/\/schema.org","@graph":[{"@type":"WebPage","@id":"https:\/\/www.bellae-institut.com\/gestion-reservation\/","url":"https:\/\/www.bellae-institut.com\/gestion-reservation\/","name":"Gestion r\u00e9servation | Institut Bella\u00eb - Bien-\u00eatre & Beaut\u00e9","isPartOf":{"@id":"https:\/\/www.bellae-institut.com\/#website"},"primaryImageOfPage":{"@id":"https:\/\/www.bellae-institut.com\/gestion-reservation\/#primaryimage"},"image":{"@id":"https:\/\/www.bellae-institut.com\/gestion-reservation\/#primaryimage"},"thumbnailUrl":"https:\/\/i0.wp.com\/www.bellae-institut.com\/wp-content\/uploads\/2021\/07\/IMG_20190912_194048-scaled-e1626879757117.jpg?fit=1920%2C1920&ssl=1","datePublished":"2021-07-22T16:36:19+00:00","dateModified":"2021-07-23T11:09:45+00:00","description":"La gestion de votre r\u00e9servation \u00e0 l'institut Bella\u00eb se fait dans cette page. Vous pouvez consulter, modifier ou annuler votre rendez-vous.","breadcrumb":{"@id":"https:\/\/www.bellae-institut.com\/gestion-reservation\/#breadcrumb"},"inLanguage":"pt-PT","potentialAction":[{"@type":"ReadAction","target":["https:\/\/www.bellae-institut.com\/gestion-reservation\/"]}]},{"@type":"ImageObject","inLanguage":"pt-PT","@id":"https:\/\/www.bellae-institut.com\/gestion-reservation\/#primaryimage","url":"https:\/\/i0.wp.com\/www.bellae-institut.com\/wp-content\/uploads\/2021\/07\/IMG_20190912_194048-scaled-e1626879757117.jpg?fit=1920%2C1920&ssl=1","contentUrl":"https:\/\/i0.wp.com\/www.bellae-institut.com\/wp-content\/uploads\/2021\/07\/IMG_20190912_194048-scaled-e1626879757117.jpg?fit=1920%2C1920&ssl=1","width":1920,"height":1920,"caption":"centre esth\u00e9tique"},{"@type":"BreadcrumbList","@id":"https:\/\/www.bellae-institut.com\/gestion-reservation\/#breadcrumb","itemListElement":[{"@type":"ListItem","position":1,"name":"Accueil","item":"https:\/\/www.bellae-institut.com\/"},{"@type":"ListItem","position":2,"name":"Gestion r\u00e9servation"}]},{"@type":"WebSite","@id":"https:\/\/www.bellae-institut.com\/#website","url":"https:\/\/www.bellae-institut.com\/","name":"Bella\u00eb","description":"Bien-\u00eatre &amp; Beaut\u00e9","publisher":{"@id":"https:\/\/www.bellae-institut.com\/#organization"},"potentialAction":[{"@type":"SearchAction","target":{"@type":"EntryPoint","urlTemplate":"https:\/\/www.bellae-institut.com\/?s={search_term_string}"},"query-input":{"@type":"PropertyValueSpecification","valueRequired":true,"valueName":"search_term_string"}}],"inLanguage":"pt-PT"},{"@type":"Organization","@id":"https:\/\/www.bellae-institut.com\/#organization","name":"Bella\u00eb","url":"https:\/\/www.bellae-institut.com\/","logo":{"@type":"ImageObject","inLanguage":"pt-PT","@id":"https:\/\/www.bellae-institut.com\/#\/schema\/logo\/image\/","url":"https:\/\/i0.wp.com\/www.bellae-institut.com\/wp-content\/uploads\/2023\/07\/Academie-Bellae_logo-B-seul.png?fit=482%2C481&ssl=1","contentUrl":"https:\/\/i0.wp.com\/www.bellae-institut.com\/wp-content\/uploads\/2023\/07\/Academie-Bellae_logo-B-seul.png?fit=482%2C481&ssl=1","width":482,"height":481,"caption":"Bella\u00eb"},"image":{"@id":"https:\/\/www.bellae-institut.com\/#\/schema\/logo\/image\/"}}]}},"jetpack-related-posts":[],"jetpack_sharing_enabled":true,"_links":{"self":[{"href":"https:\/\/www.bellae-institut.com\/pt\/wp-json\/wp\/v2\/pages\/1070","targetHints":{"allow":["GET"]}}],"collection":[{"href":"https:\/\/www.bellae-institut.com\/pt\/wp-json\/wp\/v2\/pages"}],"about":[{"href":"https:\/\/www.bellae-institut.com\/pt\/wp-json\/wp\/v2\/types\/page"}],"author":[{"embeddable":true,"href":"https:\/\/www.bellae-institut.com\/pt\/wp-json\/wp\/v2\/users\/1"}],"replies":[{"embeddable":true,"href":"https:\/\/www.bellae-institut.com\/pt\/wp-json\/wp\/v2\/comments?post=1070"}],"version-history":[{"count":0,"href":"https:\/\/www.bellae-institut.com\/pt\/wp-json\/wp\/v2\/pages\/1070\/revisions"}],"wp:featuredmedia":[{"embeddable":true,"href":"https:\/\/www.bellae-institut.com\/pt\/wp-json\/wp\/v2\/media\/349"}],"wp:attachment":[{"href":"https:\/\/www.bellae-institut.com\/pt\/wp-json\/wp\/v2\/media?parent=1070"}],"curies":[{"name":"wp","href":"https:\/\/api.w.org\/{rel}","templated":true}]}}