{"id":1168,"date":"2021-07-23T09:45:40","date_gmt":"2021-07-23T09:45:40","guid":{"rendered":"https:\/\/www.bellae-institut.com\/?page_id=1168"},"modified":"2023-07-27T18:45:27","modified_gmt":"2023-07-27T16:45:27","slug":"reservation-massage","status":"publish","type":"page","link":"https:\/\/www.bellae-institut.com\/pt\/reservation-massage\/","title":{"rendered":"RESERVER UN MASSAGE"},"content":{"rendered":"<div data-colibri-id=\"1168-c1\" class=\"style-6237 style-local-1168-c1 position-relative\">\n  <!---->\n  <div data-colibri-component=\"section\" data-colibri-id=\"1168-c2\" id=\"reusable-sections\" class=\"h-section h-section-global-spacing d-flex align-items-lg-center align-items-md-center align-items-center style-6238 style-local-1168-c2 position-relative\">\n    <!---->\n    <!---->\n    <div class=\"h-section-grid-container h-section-boxed-container\">\n      <!---->\n      <div data-colibri-id=\"1168-c3\" class=\"h-row-container gutters-row-lg-2 gutters-row-md-2 gutters-row-0 gutters-row-v-lg-2 gutters-row-v-md-2 gutters-row-v-2 style-6242 style-local-1168-c3 position-relative\">\n        <!---->\n        <div class=\"h-row justify-content-lg-center justify-content-md-center justify-content-center align-items-lg-stretch align-items-md-stretch align-items-stretch gutters-col-lg-2 gutters-col-md-2 gutters-col-0 gutters-col-v-lg-2 gutters-col-v-md-2 gutters-col-v-2\">\n          <!---->\n          <div class=\"h-column h-column-container d-flex h-col-lg-12 h-col-md-12 h-col-12 style-6243-outer style-local-1168-c4-outer\">\n            <div data-colibri-id=\"1168-c4\" class=\"d-flex h-flex-basis h-column__inner h-px-lg-2 h-px-md-2 h-px-2 v-inner-lg-2 v-inner-md-2 v-inner-2 style-6243 style-local-1168-c4 position-relative\">\n              <!---->\n              <!---->\n              <div class=\"w-100 h-y-container h-column__content h-column__v-align flex-basis-100 align-self-lg-start align-self-md-start align-self-start\">\n                <!---->\n                <div data-colibri-id=\"1168-c5\" class=\"style-6244 style-local-1168-c5 position-relative h-element\">\n                  <!---->\n                  <div class=\"\">[ameliacatalog show=services category=3]<\/div>\n                <\/div>\n              <\/div>\n            <\/div>\n          <\/div>\n        <\/div>\n      <\/div>\n    <\/div>\n  <\/div>\n  <div data-colibri-component=\"section\" data-colibri-id=\"1168-c6\" id=\"reusable-sections\" class=\"h-section h-section-global-spacing d-flex align-items-lg-center align-items-md-center align-items-center style-6238 style-local-1168-c6 position-relative\">\n    <!---->\n    <!---->\n    <div class=\"h-section-grid-container h-section-boxed-container\">\n      <!---->\n      <div data-colibri-id=\"1168-c7\" class=\"h-row-container gutters-row-lg-2 gutters-row-md-2 gutters-row-0 gutters-row-v-lg-2 gutters-row-v-md-2 gutters-row-v-2 style-6242 style-local-1168-c7 position-relative\">\n        <!---->\n        <div class=\"h-row justify-content-lg-center justify-content-md-center justify-content-center align-items-lg-stretch align-items-md-stretch align-items-stretch gutters-col-lg-2 gutters-col-md-2 gutters-col-0 gutters-col-v-lg-2 gutters-col-v-md-2 gutters-col-v-2\">\n          <!---->\n          <div class=\"h-column h-column-container d-flex h-col-lg-12 h-col-md-12 h-col-12 style-6243-outer style-local-1168-c8-outer\">\n            <div data-colibri-id=\"1168-c8\" class=\"d-flex h-flex-basis h-column__inner h-px-lg-2 h-px-md-2 h-px-2 v-inner-lg-2 v-inner-md-2 v-inner-2 style-6243 style-local-1168-c8 position-relative\">\n              <!---->\n              <!---->\n              <div class=\"w-100 h-y-container h-column__content h-column__v-align flex-basis-100 align-self-lg-start align-self-md-start align-self-start\">\n                <!---->\n                <div data-colibri-id=\"1168-c9\" class=\"style-6244 style-local-1168-c9 position-relative h-element\">\n                  <!---->\n                  <div class=\"\">[ameliacatalog show=services category=9]<\/div>\n                <\/div>\n                <div data-colibri-id=\"1168-c10\" class=\"h-text h-text-component style-6253 style-local-1168-c10 position-relative h-element\">\n                  <!---->\n                  <!---->\n                  <div class=\"\">\n                    <p>Les tarifs indiqu\u00e9s sont des tarifs conseill\u00e9s que le masseur peut ajuster lors de la confirmation du RDV.\n                      <br>Lors de votre r\u00e9servation vous verser un acompte de 10 \u20ac, le solde sera \u00e0 r\u00e9gler sur place aupr\u00e8s de votre praticien.<\/p>\n                  <\/div>\n                <\/div>\n                <div data-colibri-id=\"1168-c11\" class=\"h-global-transition-all h-heading style-6245 style-local-1168-c11 position-relative h-element\">\n                  <!---->\n                  <div class=\"h-heading__outer style-6245 style-local-1168-c11\">\n                    <!---->\n                    <!---->\n                    <h2 class=\"\">Vous pouvez aussi g\u00e9rer vos RDV !<\/h2>\n                  <\/div>\n                <\/div>\n                <div data-colibri-id=\"1168-c12\" class=\"h-x-container style-6246 style-local-1168-c12 position-relative h-element\">\n                  <!---->\n                  <div class=\"h-x-container-inner style-dynamic-1168-c12-group style-6246-spacing style-local-1168-c12-spacing\"><span class=\"h-button__outer style-6247-outer style-local-1168-c13-outer d-inline-flex h-element\"><a h-use-smooth-scroll=\"true\" href=\"https:\/\/www.bellae-institut.com\/gestion-reservation\/\"  data-colibri-id=\"1168-c13\" class=\"d-flex w-100 align-items-center h-button justify-content-lg-center justify-content-md-center justify-content-center style-6247 style-local-1168-c13 position-relative\"><!----><!----> <span>MES RESERVATIONS<\/span><\/a>\n                    <\/span>\n                  <\/div>\n                <\/div>\n              <\/div>\n            <\/div>\n          <\/div>\n        <\/div>\n      <\/div>\n    <\/div>\n  <\/div>\n<\/div>","protected":false},"excerpt":{"rendered":"<p>[ameliacatalog show=services category=3] [ameliacatalog show=services category=9] Les tarifs indiqu\u00e9s sont des tarifs conseill\u00e9s que le masseur peut ajuster lors de la confirmation du RDV. Lors de votre r\u00e9servation vous verser un acompte de 10 \u20ac, le solde sera \u00e0 r\u00e9gler sur place aupr\u00e8s de votre praticien. Vous pouvez aussi g\u00e9rer vos RDV ! MES RESERVATIONS<\/p>\n","protected":false},"author":1,"featured_media":16335,"parent":0,"menu_order":0,"comment_status":"closed","ping_status":"closed","template":"page-templates\/full-width-page.php","meta":{"_joinchat":[],"footnotes":""},"class_list":["post-1168","page","type-page","status-publish","has-post-thumbnail","hentry"],"yoast_head":"<!-- This site is optimized with the Yoast SEO plugin v27.4 - https:\/\/yoast.com\/product\/yoast-seo-wordpress\/ -->\n<title>R\u00e9servation massage | Bella\u00eb - D\u00e9couvrez tout un rituel Bien-\u00eatre<\/title>\n<meta name=\"description\" content=\"Faites votre r\u00e9servation de massage en ligne aupr\u00e8s de votre masseuse ou masseur membre du r\u00e9seau Bella\u00eb...\" \/>\n<meta name=\"robots\" content=\"index, follow, max-snippet:-1, max-image-preview:large, max-video-preview:-1\" \/>\n<link rel=\"canonical\" href=\"https:\/\/www.bellae-institut.com\/pt\/reservation-massage\/\" \/>\n<meta property=\"og:locale\" content=\"pt_PT\" \/>\n<meta property=\"og:type\" content=\"article\" \/>\n<meta property=\"og:title\" content=\"R\u00e9servation massage | Bella\u00eb - D\u00e9couvrez tout un rituel Bien-\u00eatre\" \/>\n<meta property=\"og:description\" content=\"Faites votre r\u00e9servation de massage en ligne aupr\u00e8s de votre masseuse ou masseur membre du r\u00e9seau Bella\u00eb...\" \/>\n<meta property=\"og:url\" content=\"https:\/\/www.bellae-institut.com\/pt\/reservation-massage\/\" \/>\n<meta property=\"og:site_name\" content=\"Bella\u00eb\" \/>\n<meta property=\"article:modified_time\" content=\"2023-07-27T16:45:27+00:00\" \/>\n<meta property=\"og:image\" content=\"https:\/\/www.bellae-institut.com\/wp-content\/uploads\/2023\/07\/IMG_20190912_194048-scaled.jpg\" \/>\n\t<meta property=\"og:image:width\" content=\"2560\" \/>\n\t<meta property=\"og:image:height\" content=\"1920\" \/>\n\t<meta property=\"og:image:type\" content=\"image\/jpeg\" \/>\n<meta name=\"twitter:card\" content=\"summary_large_image\" \/>\n<script type=\"application\/ld+json\" class=\"yoast-schema-graph\">{\"@context\":\"https:\\\/\\\/schema.org\",\"@graph\":[{\"@type\":\"WebPage\",\"@id\":\"https:\\\/\\\/www.bellae-institut.com\\\/reservation-massage\\\/\",\"url\":\"https:\\\/\\\/www.bellae-institut.com\\\/reservation-massage\\\/\",\"name\":\"R\u00e9servation massage | Bella\u00eb - D\u00e9couvrez tout un rituel Bien-\u00eatre\",\"isPartOf\":{\"@id\":\"https:\\\/\\\/www.bellae-institut.com\\\/#website\"},\"primaryImageOfPage\":{\"@id\":\"https:\\\/\\\/www.bellae-institut.com\\\/reservation-massage\\\/#primaryimage\"},\"image\":{\"@id\":\"https:\\\/\\\/www.bellae-institut.com\\\/reservation-massage\\\/#primaryimage\"},\"thumbnailUrl\":\"https:\\\/\\\/i0.wp.com\\\/www.bellae-institut.com\\\/wp-content\\\/uploads\\\/2023\\\/07\\\/IMG_20190912_194048-scaled.jpg?fit=2560%2C1920&ssl=1\",\"datePublished\":\"2021-07-23T09:45:40+00:00\",\"dateModified\":\"2023-07-27T16:45:27+00:00\",\"description\":\"Faites votre r\u00e9servation de massage en ligne aupr\u00e8s de votre masseuse ou masseur membre du r\u00e9seau Bella\u00eb...\",\"breadcrumb\":{\"@id\":\"https:\\\/\\\/www.bellae-institut.com\\\/reservation-massage\\\/#breadcrumb\"},\"inLanguage\":\"pt-PT\",\"potentialAction\":[{\"@type\":\"ReadAction\",\"target\":[\"https:\\\/\\\/www.bellae-institut.com\\\/reservation-massage\\\/\"]}]},{\"@type\":\"ImageObject\",\"inLanguage\":\"pt-PT\",\"@id\":\"https:\\\/\\\/www.bellae-institut.com\\\/reservation-massage\\\/#primaryimage\",\"url\":\"https:\\\/\\\/i0.wp.com\\\/www.bellae-institut.com\\\/wp-content\\\/uploads\\\/2023\\\/07\\\/IMG_20190912_194048-scaled.jpg?fit=2560%2C1920&ssl=1\",\"contentUrl\":\"https:\\\/\\\/i0.wp.com\\\/www.bellae-institut.com\\\/wp-content\\\/uploads\\\/2023\\\/07\\\/IMG_20190912_194048-scaled.jpg?fit=2560%2C1920&ssl=1\",\"width\":2560,\"height\":1920,\"caption\":\"r\u00e9servation massage\"},{\"@type\":\"BreadcrumbList\",\"@id\":\"https:\\\/\\\/www.bellae-institut.com\\\/reservation-massage\\\/#breadcrumb\",\"itemListElement\":[{\"@type\":\"ListItem\",\"position\":1,\"name\":\"Accueil\",\"item\":\"https:\\\/\\\/www.bellae-institut.com\\\/\"},{\"@type\":\"ListItem\",\"position\":2,\"name\":\"RESERVER UN MASSAGE\"}]},{\"@type\":\"WebSite\",\"@id\":\"https:\\\/\\\/www.bellae-institut.com\\\/#website\",\"url\":\"https:\\\/\\\/www.bellae-institut.com\\\/\",\"name\":\"Bella\u00eb\",\"description\":\"Bien-\u00eatre &amp; Beaut\u00e9\",\"publisher\":{\"@id\":\"https:\\\/\\\/www.bellae-institut.com\\\/#organization\"},\"potentialAction\":[{\"@type\":\"SearchAction\",\"target\":{\"@type\":\"EntryPoint\",\"urlTemplate\":\"https:\\\/\\\/www.bellae-institut.com\\\/?s={search_term_string}\"},\"query-input\":{\"@type\":\"PropertyValueSpecification\",\"valueRequired\":true,\"valueName\":\"search_term_string\"}}],\"inLanguage\":\"pt-PT\"},{\"@type\":\"Organization\",\"@id\":\"https:\\\/\\\/www.bellae-institut.com\\\/#organization\",\"name\":\"Bella\u00eb\",\"url\":\"https:\\\/\\\/www.bellae-institut.com\\\/\",\"logo\":{\"@type\":\"ImageObject\",\"inLanguage\":\"pt-PT\",\"@id\":\"https:\\\/\\\/www.bellae-institut.com\\\/#\\\/schema\\\/logo\\\/image\\\/\",\"url\":\"https:\\\/\\\/i0.wp.com\\\/www.bellae-institut.com\\\/wp-content\\\/uploads\\\/2023\\\/07\\\/Academie-Bellae_logo-B-seul.png?fit=482%2C481&ssl=1\",\"contentUrl\":\"https:\\\/\\\/i0.wp.com\\\/www.bellae-institut.com\\\/wp-content\\\/uploads\\\/2023\\\/07\\\/Academie-Bellae_logo-B-seul.png?fit=482%2C481&ssl=1\",\"width\":482,\"height\":481,\"caption\":\"Bella\u00eb\"},\"image\":{\"@id\":\"https:\\\/\\\/www.bellae-institut.com\\\/#\\\/schema\\\/logo\\\/image\\\/\"}}]}<\/script>\n<!-- \/ Yoast SEO plugin. -->","yoast_head_json":{"title":"R\u00e9servation massage | Bella\u00eb - D\u00e9couvrez tout un rituel Bien-\u00eatre","description":"Faites votre r\u00e9servation de massage en ligne aupr\u00e8s de votre masseuse ou masseur membre du r\u00e9seau Bella\u00eb...","robots":{"index":"index","follow":"follow","max-snippet":"max-snippet:-1","max-image-preview":"max-image-preview:large","max-video-preview":"max-video-preview:-1"},"canonical":"https:\/\/www.bellae-institut.com\/pt\/reservation-massage\/","og_locale":"pt_PT","og_type":"article","og_title":"R\u00e9servation massage | Bella\u00eb - D\u00e9couvrez tout un rituel Bien-\u00eatre","og_description":"Faites votre r\u00e9servation de massage en ligne aupr\u00e8s de votre masseuse ou masseur membre du r\u00e9seau Bella\u00eb...","og_url":"https:\/\/www.bellae-institut.com\/pt\/reservation-massage\/","og_site_name":"Bella\u00eb","article_modified_time":"2023-07-27T16:45:27+00:00","og_image":[{"width":2560,"height":1920,"url":"https:\/\/www.bellae-institut.com\/wp-content\/uploads\/2023\/07\/IMG_20190912_194048-scaled.jpg","type":"image\/jpeg"}],"twitter_card":"summary_large_image","schema":{"@context":"https:\/\/schema.org","@graph":[{"@type":"WebPage","@id":"https:\/\/www.bellae-institut.com\/reservation-massage\/","url":"https:\/\/www.bellae-institut.com\/reservation-massage\/","name":"R\u00e9servation massage | Bella\u00eb - D\u00e9couvrez tout un rituel Bien-\u00eatre","isPartOf":{"@id":"https:\/\/www.bellae-institut.com\/#website"},"primaryImageOfPage":{"@id":"https:\/\/www.bellae-institut.com\/reservation-massage\/#primaryimage"},"image":{"@id":"https:\/\/www.bellae-institut.com\/reservation-massage\/#primaryimage"},"thumbnailUrl":"https:\/\/i0.wp.com\/www.bellae-institut.com\/wp-content\/uploads\/2023\/07\/IMG_20190912_194048-scaled.jpg?fit=2560%2C1920&ssl=1","datePublished":"2021-07-23T09:45:40+00:00","dateModified":"2023-07-27T16:45:27+00:00","description":"Faites votre r\u00e9servation de massage en ligne aupr\u00e8s de votre masseuse ou masseur membre du r\u00e9seau Bella\u00eb...","breadcrumb":{"@id":"https:\/\/www.bellae-institut.com\/reservation-massage\/#breadcrumb"},"inLanguage":"pt-PT","potentialAction":[{"@type":"ReadAction","target":["https:\/\/www.bellae-institut.com\/reservation-massage\/"]}]},{"@type":"ImageObject","inLanguage":"pt-PT","@id":"https:\/\/www.bellae-institut.com\/reservation-massage\/#primaryimage","url":"https:\/\/i0.wp.com\/www.bellae-institut.com\/wp-content\/uploads\/2023\/07\/IMG_20190912_194048-scaled.jpg?fit=2560%2C1920&ssl=1","contentUrl":"https:\/\/i0.wp.com\/www.bellae-institut.com\/wp-content\/uploads\/2023\/07\/IMG_20190912_194048-scaled.jpg?fit=2560%2C1920&ssl=1","width":2560,"height":1920,"caption":"r\u00e9servation massage"},{"@type":"BreadcrumbList","@id":"https:\/\/www.bellae-institut.com\/reservation-massage\/#breadcrumb","itemListElement":[{"@type":"ListItem","position":1,"name":"Accueil","item":"https:\/\/www.bellae-institut.com\/"},{"@type":"ListItem","position":2,"name":"RESERVER UN MASSAGE"}]},{"@type":"WebSite","@id":"https:\/\/www.bellae-institut.com\/#website","url":"https:\/\/www.bellae-institut.com\/","name":"Bella\u00eb","description":"Bien-\u00eatre &amp; Beaut\u00e9","publisher":{"@id":"https:\/\/www.bellae-institut.com\/#organization"},"potentialAction":[{"@type":"SearchAction","target":{"@type":"EntryPoint","urlTemplate":"https:\/\/www.bellae-institut.com\/?s={search_term_string}"},"query-input":{"@type":"PropertyValueSpecification","valueRequired":true,"valueName":"search_term_string"}}],"inLanguage":"pt-PT"},{"@type":"Organization","@id":"https:\/\/www.bellae-institut.com\/#organization","name":"Bella\u00eb","url":"https:\/\/www.bellae-institut.com\/","logo":{"@type":"ImageObject","inLanguage":"pt-PT","@id":"https:\/\/www.bellae-institut.com\/#\/schema\/logo\/image\/","url":"https:\/\/i0.wp.com\/www.bellae-institut.com\/wp-content\/uploads\/2023\/07\/Academie-Bellae_logo-B-seul.png?fit=482%2C481&ssl=1","contentUrl":"https:\/\/i0.wp.com\/www.bellae-institut.com\/wp-content\/uploads\/2023\/07\/Academie-Bellae_logo-B-seul.png?fit=482%2C481&ssl=1","width":482,"height":481,"caption":"Bella\u00eb"},"image":{"@id":"https:\/\/www.bellae-institut.com\/#\/schema\/logo\/image\/"}}]}},"jetpack-related-posts":[],"jetpack_sharing_enabled":true,"_links":{"self":[{"href":"https:\/\/www.bellae-institut.com\/pt\/wp-json\/wp\/v2\/pages\/1168","targetHints":{"allow":["GET"]}}],"collection":[{"href":"https:\/\/www.bellae-institut.com\/pt\/wp-json\/wp\/v2\/pages"}],"about":[{"href":"https:\/\/www.bellae-institut.com\/pt\/wp-json\/wp\/v2\/types\/page"}],"author":[{"embeddable":true,"href":"https:\/\/www.bellae-institut.com\/pt\/wp-json\/wp\/v2\/users\/1"}],"replies":[{"embeddable":true,"href":"https:\/\/www.bellae-institut.com\/pt\/wp-json\/wp\/v2\/comments?post=1168"}],"version-history":[{"count":20,"href":"https:\/\/www.bellae-institut.com\/pt\/wp-json\/wp\/v2\/pages\/1168\/revisions"}],"predecessor-version":[{"id":17220,"href":"https:\/\/www.bellae-institut.com\/pt\/wp-json\/wp\/v2\/pages\/1168\/revisions\/17220"}],"wp:featuredmedia":[{"embeddable":true,"href":"https:\/\/www.bellae-institut.com\/pt\/wp-json\/wp\/v2\/media\/16335"}],"wp:attachment":[{"href":"https:\/\/www.bellae-institut.com\/pt\/wp-json\/wp\/v2\/media?parent=1168"}],"curies":[{"name":"wp","href":"https:\/\/api.w.org\/{rel}","templated":true}]}}