{"id":11760,"date":"2023-01-23T23:40:25","date_gmt":"2023-01-23T22:40:25","guid":{"rendered":"https:\/\/www.bellae-institut.com\/?page_id=11760"},"modified":"2023-01-23T23:51:46","modified_gmt":"2023-01-23T22:51:46","slug":"kobi-relaxant","status":"publish","type":"page","link":"https:\/\/www.bellae-institut.com\/pt\/reservation-massage\/kobi-relaxant\/","title":{"rendered":"RESERVER KOBI RELAXANT"},"content":{"rendered":"<div data-elementor-type=\"wp-page\" data-elementor-id=\"11760\" class=\"elementor elementor-11760\">\n\t\t\t\t\t\t<section class=\"elementor-section elementor-top-section elementor-element elementor-element-19380cb elementor-section-boxed elementor-section-height-default elementor-section-height-default\" data-id=\"19380cb\" data-element_type=\"section\" data-e-type=\"section\">\n\t\t\t\t\t\t<div class=\"elementor-container elementor-column-gap-default\">\n\t\t\t\t\t<div class=\"elementor-column elementor-col-100 elementor-top-column elementor-element elementor-element-2c206da\" data-id=\"2c206da\" data-element_type=\"column\" data-e-type=\"column\">\n\t\t\t<div class=\"elementor-widget-wrap\">\n\t\t\t\t\t\t\t<\/div>\n\t\t<\/div>\n\t\t\t\t\t<\/div>\n\t\t<\/section>\n\t\t\t\t<\/div>","protected":false},"excerpt":{"rendered":"<p>[ameliacatalog service=20]<\/p>\n","protected":false},"author":1,"featured_media":4463,"parent":1168,"menu_order":0,"comment_status":"closed","ping_status":"closed","template":"","meta":{"_joinchat":[],"footnotes":""},"class_list":["post-11760","page","type-page","status-publish","has-post-thumbnail","hentry"],"yoast_head":"<!-- This site is optimized with the Yoast SEO plugin v27.4 - https:\/\/yoast.com\/product\/yoast-seo-wordpress\/ -->\n<title>Kobi Relaxant | Bella\u00eb Institut - Votre rituel bien-\u00eatre<\/title>\n<meta name=\"description\" content=\"Le Kobi Relaxant fait appel aux techniques de massage su\u00e9dois et californien connus pour leurs effets th\u00e9rapeutiques. Il s&#039;appuie aussi sur..\" \/>\n<meta name=\"robots\" content=\"index, follow, max-snippet:-1, max-image-preview:large, max-video-preview:-1\" \/>\n<link rel=\"canonical\" href=\"https:\/\/www.bellae-institut.com\/pt\/reservation-massage\/kobi-relaxant\/\" \/>\n<meta property=\"og:locale\" content=\"pt_PT\" \/>\n<meta property=\"og:type\" content=\"article\" \/>\n<meta property=\"og:title\" content=\"Kobi Relaxant | Bella\u00eb Institut - Votre rituel bien-\u00eatre\" \/>\n<meta property=\"og:description\" content=\"Le Kobi Relaxant fait appel aux techniques de massage su\u00e9dois et californien connus pour leurs effets th\u00e9rapeutiques. Il s&#039;appuie aussi sur..\" \/>\n<meta property=\"og:url\" content=\"https:\/\/www.bellae-institut.com\/pt\/reservation-massage\/kobi-relaxant\/\" \/>\n<meta property=\"og:site_name\" content=\"Bella\u00eb\" \/>\n<meta property=\"article:modified_time\" content=\"2023-01-23T22:51:46+00:00\" \/>\n<meta property=\"og:image\" content=\"https:\/\/www.bellae-institut.com\/wp-content\/uploads\/2021\/11\/Bnadeau-kobido.png\" \/>\n\t<meta property=\"og:image:width\" content=\"724\" \/>\n\t<meta property=\"og:image:height\" content=\"362\" \/>\n\t<meta property=\"og:image:type\" content=\"image\/png\" \/>\n<meta name=\"twitter:card\" content=\"summary_large_image\" \/>\n<meta name=\"twitter:label1\" content=\"Tempo estimado de leitura\" \/>\n\t<meta name=\"twitter:data1\" content=\"1 minuto\" \/>\n<script type=\"application\/ld+json\" class=\"yoast-schema-graph\">{\"@context\":\"https:\\\/\\\/schema.org\",\"@graph\":[{\"@type\":\"WebPage\",\"@id\":\"https:\\\/\\\/www.bellae-institut.com\\\/reservation-massage\\\/kobi-relaxant\\\/\",\"url\":\"https:\\\/\\\/www.bellae-institut.com\\\/reservation-massage\\\/kobi-relaxant\\\/\",\"name\":\"Kobi Relaxant | Bella\u00eb Institut - Votre rituel bien-\u00eatre\",\"isPartOf\":{\"@id\":\"https:\\\/\\\/www.bellae-institut.com\\\/#website\"},\"primaryImageOfPage\":{\"@id\":\"https:\\\/\\\/www.bellae-institut.com\\\/reservation-massage\\\/kobi-relaxant\\\/#primaryimage\"},\"image\":{\"@id\":\"https:\\\/\\\/www.bellae-institut.com\\\/reservation-massage\\\/kobi-relaxant\\\/#primaryimage\"},\"thumbnailUrl\":\"https:\\\/\\\/i0.wp.com\\\/www.bellae-institut.com\\\/wp-content\\\/uploads\\\/2021\\\/11\\\/Bnadeau-kobido.png?fit=724%2C362&ssl=1\",\"datePublished\":\"2023-01-23T22:40:25+00:00\",\"dateModified\":\"2023-01-23T22:51:46+00:00\",\"description\":\"Le Kobi Relaxant fait appel aux techniques de massage su\u00e9dois et californien connus pour leurs effets th\u00e9rapeutiques. Il s'appuie aussi sur..\",\"breadcrumb\":{\"@id\":\"https:\\\/\\\/www.bellae-institut.com\\\/reservation-massage\\\/kobi-relaxant\\\/#breadcrumb\"},\"inLanguage\":\"pt-PT\",\"potentialAction\":[{\"@type\":\"ReadAction\",\"target\":[\"https:\\\/\\\/www.bellae-institut.com\\\/reservation-massage\\\/kobi-relaxant\\\/\"]}]},{\"@type\":\"ImageObject\",\"inLanguage\":\"pt-PT\",\"@id\":\"https:\\\/\\\/www.bellae-institut.com\\\/reservation-massage\\\/kobi-relaxant\\\/#primaryimage\",\"url\":\"https:\\\/\\\/i0.wp.com\\\/www.bellae-institut.com\\\/wp-content\\\/uploads\\\/2021\\\/11\\\/Bnadeau-kobido.png?fit=724%2C362&ssl=1\",\"contentUrl\":\"https:\\\/\\\/i0.wp.com\\\/www.bellae-institut.com\\\/wp-content\\\/uploads\\\/2021\\\/11\\\/Bnadeau-kobido.png?fit=724%2C362&ssl=1\",\"width\":724,\"height\":362,\"caption\":\"Kobido massage\"},{\"@type\":\"BreadcrumbList\",\"@id\":\"https:\\\/\\\/www.bellae-institut.com\\\/reservation-massage\\\/kobi-relaxant\\\/#breadcrumb\",\"itemListElement\":[{\"@type\":\"ListItem\",\"position\":1,\"name\":\"Accueil\",\"item\":\"https:\\\/\\\/www.bellae-institut.com\\\/\"},{\"@type\":\"ListItem\",\"position\":2,\"name\":\"RESERVER UN MASSAGE\",\"item\":\"https:\\\/\\\/www.bellae-institut.com\\\/reservation-massage\\\/\"},{\"@type\":\"ListItem\",\"position\":3,\"name\":\"RESERVER KOBI RELAXANT\"}]},{\"@type\":\"WebSite\",\"@id\":\"https:\\\/\\\/www.bellae-institut.com\\\/#website\",\"url\":\"https:\\\/\\\/www.bellae-institut.com\\\/\",\"name\":\"Bella\u00eb\",\"description\":\"Bien-\u00eatre &amp; Beaut\u00e9\",\"publisher\":{\"@id\":\"https:\\\/\\\/www.bellae-institut.com\\\/#organization\"},\"potentialAction\":[{\"@type\":\"SearchAction\",\"target\":{\"@type\":\"EntryPoint\",\"urlTemplate\":\"https:\\\/\\\/www.bellae-institut.com\\\/?s={search_term_string}\"},\"query-input\":{\"@type\":\"PropertyValueSpecification\",\"valueRequired\":true,\"valueName\":\"search_term_string\"}}],\"inLanguage\":\"pt-PT\"},{\"@type\":\"Organization\",\"@id\":\"https:\\\/\\\/www.bellae-institut.com\\\/#organization\",\"name\":\"Bella\u00eb\",\"url\":\"https:\\\/\\\/www.bellae-institut.com\\\/\",\"logo\":{\"@type\":\"ImageObject\",\"inLanguage\":\"pt-PT\",\"@id\":\"https:\\\/\\\/www.bellae-institut.com\\\/#\\\/schema\\\/logo\\\/image\\\/\",\"url\":\"https:\\\/\\\/i0.wp.com\\\/www.bellae-institut.com\\\/wp-content\\\/uploads\\\/2023\\\/07\\\/Academie-Bellae_logo-B-seul.png?fit=482%2C481&ssl=1\",\"contentUrl\":\"https:\\\/\\\/i0.wp.com\\\/www.bellae-institut.com\\\/wp-content\\\/uploads\\\/2023\\\/07\\\/Academie-Bellae_logo-B-seul.png?fit=482%2C481&ssl=1\",\"width\":482,\"height\":481,\"caption\":\"Bella\u00eb\"},\"image\":{\"@id\":\"https:\\\/\\\/www.bellae-institut.com\\\/#\\\/schema\\\/logo\\\/image\\\/\"}}]}<\/script>\n<!-- \/ Yoast SEO plugin. -->","yoast_head_json":{"title":"Kobi Relaxant | Bella\u00eb Institut - Votre rituel bien-\u00eatre","description":"Le Kobi Relaxant fait appel aux techniques de massage su\u00e9dois et californien connus pour leurs effets th\u00e9rapeutiques. Il s'appuie aussi sur..","robots":{"index":"index","follow":"follow","max-snippet":"max-snippet:-1","max-image-preview":"max-image-preview:large","max-video-preview":"max-video-preview:-1"},"canonical":"https:\/\/www.bellae-institut.com\/pt\/reservation-massage\/kobi-relaxant\/","og_locale":"pt_PT","og_type":"article","og_title":"Kobi Relaxant | Bella\u00eb Institut - Votre rituel bien-\u00eatre","og_description":"Le Kobi Relaxant fait appel aux techniques de massage su\u00e9dois et californien connus pour leurs effets th\u00e9rapeutiques. Il s'appuie aussi sur..","og_url":"https:\/\/www.bellae-institut.com\/pt\/reservation-massage\/kobi-relaxant\/","og_site_name":"Bella\u00eb","article_modified_time":"2023-01-23T22:51:46+00:00","og_image":[{"width":724,"height":362,"url":"https:\/\/www.bellae-institut.com\/wp-content\/uploads\/2021\/11\/Bnadeau-kobido.png","type":"image\/png"}],"twitter_card":"summary_large_image","twitter_misc":{"Tempo estimado de leitura":"1 minuto"},"schema":{"@context":"https:\/\/schema.org","@graph":[{"@type":"WebPage","@id":"https:\/\/www.bellae-institut.com\/reservation-massage\/kobi-relaxant\/","url":"https:\/\/www.bellae-institut.com\/reservation-massage\/kobi-relaxant\/","name":"Kobi Relaxant | Bella\u00eb Institut - Votre rituel bien-\u00eatre","isPartOf":{"@id":"https:\/\/www.bellae-institut.com\/#website"},"primaryImageOfPage":{"@id":"https:\/\/www.bellae-institut.com\/reservation-massage\/kobi-relaxant\/#primaryimage"},"image":{"@id":"https:\/\/www.bellae-institut.com\/reservation-massage\/kobi-relaxant\/#primaryimage"},"thumbnailUrl":"https:\/\/i0.wp.com\/www.bellae-institut.com\/wp-content\/uploads\/2021\/11\/Bnadeau-kobido.png?fit=724%2C362&ssl=1","datePublished":"2023-01-23T22:40:25+00:00","dateModified":"2023-01-23T22:51:46+00:00","description":"Le Kobi Relaxant fait appel aux techniques de massage su\u00e9dois et californien connus pour leurs effets th\u00e9rapeutiques. Il s'appuie aussi sur..","breadcrumb":{"@id":"https:\/\/www.bellae-institut.com\/reservation-massage\/kobi-relaxant\/#breadcrumb"},"inLanguage":"pt-PT","potentialAction":[{"@type":"ReadAction","target":["https:\/\/www.bellae-institut.com\/reservation-massage\/kobi-relaxant\/"]}]},{"@type":"ImageObject","inLanguage":"pt-PT","@id":"https:\/\/www.bellae-institut.com\/reservation-massage\/kobi-relaxant\/#primaryimage","url":"https:\/\/i0.wp.com\/www.bellae-institut.com\/wp-content\/uploads\/2021\/11\/Bnadeau-kobido.png?fit=724%2C362&ssl=1","contentUrl":"https:\/\/i0.wp.com\/www.bellae-institut.com\/wp-content\/uploads\/2021\/11\/Bnadeau-kobido.png?fit=724%2C362&ssl=1","width":724,"height":362,"caption":"Kobido massage"},{"@type":"BreadcrumbList","@id":"https:\/\/www.bellae-institut.com\/reservation-massage\/kobi-relaxant\/#breadcrumb","itemListElement":[{"@type":"ListItem","position":1,"name":"Accueil","item":"https:\/\/www.bellae-institut.com\/"},{"@type":"ListItem","position":2,"name":"RESERVER UN MASSAGE","item":"https:\/\/www.bellae-institut.com\/reservation-massage\/"},{"@type":"ListItem","position":3,"name":"RESERVER KOBI RELAXANT"}]},{"@type":"WebSite","@id":"https:\/\/www.bellae-institut.com\/#website","url":"https:\/\/www.bellae-institut.com\/","name":"Bella\u00eb","description":"Bien-\u00eatre &amp; Beaut\u00e9","publisher":{"@id":"https:\/\/www.bellae-institut.com\/#organization"},"potentialAction":[{"@type":"SearchAction","target":{"@type":"EntryPoint","urlTemplate":"https:\/\/www.bellae-institut.com\/?s={search_term_string}"},"query-input":{"@type":"PropertyValueSpecification","valueRequired":true,"valueName":"search_term_string"}}],"inLanguage":"pt-PT"},{"@type":"Organization","@id":"https:\/\/www.bellae-institut.com\/#organization","name":"Bella\u00eb","url":"https:\/\/www.bellae-institut.com\/","logo":{"@type":"ImageObject","inLanguage":"pt-PT","@id":"https:\/\/www.bellae-institut.com\/#\/schema\/logo\/image\/","url":"https:\/\/i0.wp.com\/www.bellae-institut.com\/wp-content\/uploads\/2023\/07\/Academie-Bellae_logo-B-seul.png?fit=482%2C481&ssl=1","contentUrl":"https:\/\/i0.wp.com\/www.bellae-institut.com\/wp-content\/uploads\/2023\/07\/Academie-Bellae_logo-B-seul.png?fit=482%2C481&ssl=1","width":482,"height":481,"caption":"Bella\u00eb"},"image":{"@id":"https:\/\/www.bellae-institut.com\/#\/schema\/logo\/image\/"}}]}},"jetpack-related-posts":[],"jetpack_sharing_enabled":true,"_links":{"self":[{"href":"https:\/\/www.bellae-institut.com\/pt\/wp-json\/wp\/v2\/pages\/11760","targetHints":{"allow":["GET"]}}],"collection":[{"href":"https:\/\/www.bellae-institut.com\/pt\/wp-json\/wp\/v2\/pages"}],"about":[{"href":"https:\/\/www.bellae-institut.com\/pt\/wp-json\/wp\/v2\/types\/page"}],"author":[{"embeddable":true,"href":"https:\/\/www.bellae-institut.com\/pt\/wp-json\/wp\/v2\/users\/1"}],"replies":[{"embeddable":true,"href":"https:\/\/www.bellae-institut.com\/pt\/wp-json\/wp\/v2\/comments?post=11760"}],"version-history":[{"count":0,"href":"https:\/\/www.bellae-institut.com\/pt\/wp-json\/wp\/v2\/pages\/11760\/revisions"}],"up":[{"embeddable":true,"href":"https:\/\/www.bellae-institut.com\/pt\/wp-json\/wp\/v2\/pages\/1168"}],"wp:featuredmedia":[{"embeddable":true,"href":"https:\/\/www.bellae-institut.com\/pt\/wp-json\/wp\/v2\/media\/4463"}],"wp:attachment":[{"href":"https:\/\/www.bellae-institut.com\/pt\/wp-json\/wp\/v2\/media?parent=11760"}],"curies":[{"name":"wp","href":"https:\/\/api.w.org\/{rel}","templated":true}]}}