{"id":14561,"date":"2023-06-17T15:24:15","date_gmt":"2023-06-17T13:24:15","guid":{"rendered":"https:\/\/www.bellae-institut.com\/?page_id=14561"},"modified":"2023-06-17T15:28:55","modified_gmt":"2023-06-17T13:28:55","slug":"style-comportemental","status":"publish","type":"page","link":"https:\/\/www.bellae-institut.com\/pt\/apprendre-masser\/style-comportemental\/","title":{"rendered":"D\u00e9briefing AEC DISC en Groupe"},"content":{"rendered":"<div data-colibri-id=\"14561-c1\" class=\"style-5467 style-local-14561-c1 position-relative\">\n  <!---->\n  <div data-colibri-component=\"section\" data-colibri-id=\"14561-c2\" id=\"custom\" class=\"h-section h-section-global-spacing d-flex align-items-lg-center align-items-md-center align-items-center style-5468 style-local-14561-c2 position-relative\">\n    <!---->\n    <!---->\n    <div class=\"h-section-grid-container h-section-boxed-container\">\n      <!---->\n      <div data-colibri-id=\"14561-c6\" class=\"h-row-container gutters-row-lg-2 gutters-row-md-2 gutters-row-0 gutters-row-v-lg-2 gutters-row-v-md-2 gutters-row-v-2 style-5472 style-local-14561-c6 position-relative\">\n        <!---->\n        <div class=\"h-row justify-content-lg-center justify-content-md-center justify-content-center align-items-lg-stretch align-items-md-stretch align-items-stretch gutters-col-lg-2 gutters-col-md-2 gutters-col-0 gutters-col-v-lg-2 gutters-col-v-md-2 gutters-col-v-2\">\n          <!---->\n          <div class=\"h-column h-column-container d-flex h-col-lg-auto h-col-md-auto h-col-auto style-5473-outer style-local-14561-c7-outer\">\n            <div data-colibri-id=\"14561-c7\" class=\"d-flex h-flex-basis h-column__inner h-px-lg-2 h-px-md-2 h-px-2 v-inner-lg-2 v-inner-md-2 v-inner-2 style-5473 style-local-14561-c7 position-relative\">\n              <!---->\n              <!---->\n              <div class=\"w-100 h-y-container h-column__content h-column__v-align flex-basis-100 align-self-lg-start align-self-md-start align-self-start\">\n                <!---->\n                <div data-colibri-id=\"14561-c9\" class=\"h-text h-text-component style-5475 style-local-14561-c9 position-relative h-element\">\n                  <!---->\n                  <!---->\n                  <div class=\"\">\n                    <p>Lors cet atelier, <span style=\"font-weight: 600;\">un groupe participera<\/span> <span style=\"font-weight: 600;\">au debriefing<\/span> de leur profil AEC DISC avec Didier\n                      <br>pendant que <span style=\"font-weight: 600;\">l&rsquo;autre groupe s&rsquo;entra\u00eenera<\/span> au massage avec Sandra&#8230; id\u00e9al pour revoir quelques man\u0153uvres !<\/p>\n                  <\/div>\n                <\/div>\n              <\/div>\n            <\/div>\n          <\/div>\n        <\/div>\n      <\/div>\n      <div data-colibri-id=\"14561-c3\" class=\"h-row-container gutters-row-lg-2 gutters-row-md-2 gutters-row-0 gutters-row-v-lg-2 gutters-row-v-md-2 gutters-row-v-2 style-5469 style-local-14561-c3 position-relative\">\n        <!---->\n        <div class=\"h-row justify-content-lg-center justify-content-md-center justify-content-center align-items-lg-stretch align-items-md-stretch align-items-stretch gutters-col-lg-2 gutters-col-md-2 gutters-col-0 gutters-col-v-lg-2 gutters-col-v-md-2 gutters-col-v-2\">\n          <!---->\n          <div class=\"h-column h-column-container d-flex h-col-lg-auto h-col-md-auto h-col-auto style-5470-outer style-local-14561-c4-outer\">\n            <div data-colibri-id=\"14561-c4\" class=\"d-flex h-flex-basis h-column__inner h-px-lg-2 h-px-md-2 h-px-2 v-inner-lg-2 v-inner-md-2 v-inner-2 style-5470 style-local-14561-c4 position-relative\">\n              <!---->\n              <!---->\n              <div class=\"w-100 h-y-container h-column__content h-column__v-align flex-basis-100 align-self-lg-start align-self-md-start align-self-start\">\n                <!---->\n                <div data-colibri-id=\"14561-c5\" class=\"style-5471 style-local-14561-c5 position-relative h-element\">\n                  <!---->\n                  <div class=\"\">[ameliaevents type=list tag=\u00a0\u00bbDISC_MASSAGE\u00a0\u00bb]<\/div>\n                <\/div>\n              <\/div>\n            <\/div>\n          <\/div>\n        <\/div>\n      <\/div>\n    <\/div>\n  <\/div>\n<\/div>","protected":false},"excerpt":{"rendered":"<p>Lors cet atelier, un groupe participera au debriefing de leur profil AEC DISC avec Didier pendant que l&rsquo;autre groupe s&rsquo;entra\u00eenera au massage avec Sandra&#8230; id\u00e9al pour revoir quelques man\u0153uvres ! [ameliaevents type=list tag=\u00a0\u00bbDISC_MASSAGE\u00a0\u00bb]<\/p>\n","protected":false},"author":210,"featured_media":14490,"parent":7432,"menu_order":0,"comment_status":"closed","ping_status":"closed","template":"page-templates\/full-width-page.php","meta":{"_joinchat":[],"footnotes":""},"class_list":["post-14561","page","type-page","status-publish","has-post-thumbnail","hentry"],"yoast_head":"<!-- This site is optimized with the Yoast SEO plugin v27.4 - https:\/\/yoast.com\/product\/yoast-seo-wordpress\/ -->\n<title>Style comportemental | Acad\u00e9mie Bella\u00eb - Votre rituel Bien-\u00eatre<\/title>\n<meta name=\"description\" content=\"D\u00e9couvrez votre style comportemental gr\u00e2ce \u00e0 la m\u00e9thode Arc-en-Ciel DISC et apprenez \u00e0 mieux vous conna\u00eetre, mieux conna\u00eetre l&#039;autre et...\" \/>\n<meta name=\"robots\" content=\"index, follow, max-snippet:-1, max-image-preview:large, max-video-preview:-1\" \/>\n<link rel=\"canonical\" href=\"https:\/\/www.bellae-institut.com\/pt\/apprendre-masser\/style-comportemental\/\" \/>\n<meta property=\"og:locale\" content=\"pt_PT\" \/>\n<meta property=\"og:type\" content=\"article\" \/>\n<meta property=\"og:title\" content=\"Style comportemental | Acad\u00e9mie Bella\u00eb - Votre rituel Bien-\u00eatre\" \/>\n<meta property=\"og:description\" content=\"D\u00e9couvrez votre style comportemental gr\u00e2ce \u00e0 la m\u00e9thode Arc-en-Ciel DISC et apprenez \u00e0 mieux vous conna\u00eetre, mieux conna\u00eetre l&#039;autre et...\" \/>\n<meta property=\"og:url\" content=\"https:\/\/www.bellae-institut.com\/pt\/apprendre-masser\/style-comportemental\/\" \/>\n<meta property=\"og:site_name\" content=\"Bella\u00eb\" \/>\n<meta property=\"article:modified_time\" content=\"2023-06-17T13:28:55+00:00\" \/>\n<meta property=\"og:image\" content=\"https:\/\/www.bellae-institut.com\/wp-content\/uploads\/2023\/06\/Sandra_Didier.jpg\" \/>\n\t<meta property=\"og:image:width\" content=\"1400\" \/>\n\t<meta property=\"og:image:height\" content=\"1400\" \/>\n\t<meta property=\"og:image:type\" content=\"image\/jpeg\" \/>\n<meta name=\"twitter:card\" content=\"summary_large_image\" \/>\n<script type=\"application\/ld+json\" class=\"yoast-schema-graph\">{\"@context\":\"https:\\\/\\\/schema.org\",\"@graph\":[{\"@type\":\"WebPage\",\"@id\":\"https:\\\/\\\/www.bellae-institut.com\\\/apprendre-masser\\\/style-comportemental\\\/\",\"url\":\"https:\\\/\\\/www.bellae-institut.com\\\/apprendre-masser\\\/style-comportemental\\\/\",\"name\":\"Style comportemental | Acad\u00e9mie Bella\u00eb - Votre rituel Bien-\u00eatre\",\"isPartOf\":{\"@id\":\"https:\\\/\\\/www.bellae-institut.com\\\/#website\"},\"primaryImageOfPage\":{\"@id\":\"https:\\\/\\\/www.bellae-institut.com\\\/apprendre-masser\\\/style-comportemental\\\/#primaryimage\"},\"image\":{\"@id\":\"https:\\\/\\\/www.bellae-institut.com\\\/apprendre-masser\\\/style-comportemental\\\/#primaryimage\"},\"thumbnailUrl\":\"https:\\\/\\\/i0.wp.com\\\/www.bellae-institut.com\\\/wp-content\\\/uploads\\\/2023\\\/06\\\/Sandra_Didier.jpg?fit=1400%2C1400&ssl=1\",\"datePublished\":\"2023-06-17T13:24:15+00:00\",\"dateModified\":\"2023-06-17T13:28:55+00:00\",\"description\":\"D\u00e9couvrez votre style comportemental gr\u00e2ce \u00e0 la m\u00e9thode Arc-en-Ciel DISC et apprenez \u00e0 mieux vous conna\u00eetre, mieux conna\u00eetre l'autre et...\",\"breadcrumb\":{\"@id\":\"https:\\\/\\\/www.bellae-institut.com\\\/apprendre-masser\\\/style-comportemental\\\/#breadcrumb\"},\"inLanguage\":\"pt-PT\",\"potentialAction\":[{\"@type\":\"ReadAction\",\"target\":[\"https:\\\/\\\/www.bellae-institut.com\\\/apprendre-masser\\\/style-comportemental\\\/\"]}]},{\"@type\":\"ImageObject\",\"inLanguage\":\"pt-PT\",\"@id\":\"https:\\\/\\\/www.bellae-institut.com\\\/apprendre-masser\\\/style-comportemental\\\/#primaryimage\",\"url\":\"https:\\\/\\\/i0.wp.com\\\/www.bellae-institut.com\\\/wp-content\\\/uploads\\\/2023\\\/06\\\/Sandra_Didier.jpg?fit=1400%2C1400&ssl=1\",\"contentUrl\":\"https:\\\/\\\/i0.wp.com\\\/www.bellae-institut.com\\\/wp-content\\\/uploads\\\/2023\\\/06\\\/Sandra_Didier.jpg?fit=1400%2C1400&ssl=1\",\"width\":1400,\"height\":1400,\"caption\":\"didier et sandra\"},{\"@type\":\"BreadcrumbList\",\"@id\":\"https:\\\/\\\/www.bellae-institut.com\\\/apprendre-masser\\\/style-comportemental\\\/#breadcrumb\",\"itemListElement\":[{\"@type\":\"ListItem\",\"position\":1,\"name\":\"Accueil\",\"item\":\"https:\\\/\\\/www.bellae-institut.com\\\/\"},{\"@type\":\"ListItem\",\"position\":2,\"name\":\"ACADEMIE BELLA\u00cb\",\"item\":\"https:\\\/\\\/www.bellae-institut.com\\\/apprendre-masser\\\/\"},{\"@type\":\"ListItem\",\"position\":3,\"name\":\"D\u00e9briefing AEC DISC en Groupe\"}]},{\"@type\":\"WebSite\",\"@id\":\"https:\\\/\\\/www.bellae-institut.com\\\/#website\",\"url\":\"https:\\\/\\\/www.bellae-institut.com\\\/\",\"name\":\"Bella\u00eb\",\"description\":\"Bien-\u00eatre &amp; Beaut\u00e9\",\"publisher\":{\"@id\":\"https:\\\/\\\/www.bellae-institut.com\\\/#organization\"},\"potentialAction\":[{\"@type\":\"SearchAction\",\"target\":{\"@type\":\"EntryPoint\",\"urlTemplate\":\"https:\\\/\\\/www.bellae-institut.com\\\/?s={search_term_string}\"},\"query-input\":{\"@type\":\"PropertyValueSpecification\",\"valueRequired\":true,\"valueName\":\"search_term_string\"}}],\"inLanguage\":\"pt-PT\"},{\"@type\":\"Organization\",\"@id\":\"https:\\\/\\\/www.bellae-institut.com\\\/#organization\",\"name\":\"Bella\u00eb\",\"url\":\"https:\\\/\\\/www.bellae-institut.com\\\/\",\"logo\":{\"@type\":\"ImageObject\",\"inLanguage\":\"pt-PT\",\"@id\":\"https:\\\/\\\/www.bellae-institut.com\\\/#\\\/schema\\\/logo\\\/image\\\/\",\"url\":\"https:\\\/\\\/i0.wp.com\\\/www.bellae-institut.com\\\/wp-content\\\/uploads\\\/2023\\\/07\\\/Academie-Bellae_logo-B-seul.png?fit=482%2C481&ssl=1\",\"contentUrl\":\"https:\\\/\\\/i0.wp.com\\\/www.bellae-institut.com\\\/wp-content\\\/uploads\\\/2023\\\/07\\\/Academie-Bellae_logo-B-seul.png?fit=482%2C481&ssl=1\",\"width\":482,\"height\":481,\"caption\":\"Bella\u00eb\"},\"image\":{\"@id\":\"https:\\\/\\\/www.bellae-institut.com\\\/#\\\/schema\\\/logo\\\/image\\\/\"}}]}<\/script>\n<!-- \/ Yoast SEO plugin. -->","yoast_head_json":{"title":"Style comportemental | Acad\u00e9mie Bella\u00eb - Votre rituel Bien-\u00eatre","description":"D\u00e9couvrez votre style comportemental gr\u00e2ce \u00e0 la m\u00e9thode Arc-en-Ciel DISC et apprenez \u00e0 mieux vous conna\u00eetre, mieux conna\u00eetre l'autre et...","robots":{"index":"index","follow":"follow","max-snippet":"max-snippet:-1","max-image-preview":"max-image-preview:large","max-video-preview":"max-video-preview:-1"},"canonical":"https:\/\/www.bellae-institut.com\/pt\/apprendre-masser\/style-comportemental\/","og_locale":"pt_PT","og_type":"article","og_title":"Style comportemental | Acad\u00e9mie Bella\u00eb - Votre rituel Bien-\u00eatre","og_description":"D\u00e9couvrez votre style comportemental gr\u00e2ce \u00e0 la m\u00e9thode Arc-en-Ciel DISC et apprenez \u00e0 mieux vous conna\u00eetre, mieux conna\u00eetre l'autre et...","og_url":"https:\/\/www.bellae-institut.com\/pt\/apprendre-masser\/style-comportemental\/","og_site_name":"Bella\u00eb","article_modified_time":"2023-06-17T13:28:55+00:00","og_image":[{"width":1400,"height":1400,"url":"https:\/\/www.bellae-institut.com\/wp-content\/uploads\/2023\/06\/Sandra_Didier.jpg","type":"image\/jpeg"}],"twitter_card":"summary_large_image","schema":{"@context":"https:\/\/schema.org","@graph":[{"@type":"WebPage","@id":"https:\/\/www.bellae-institut.com\/apprendre-masser\/style-comportemental\/","url":"https:\/\/www.bellae-institut.com\/apprendre-masser\/style-comportemental\/","name":"Style comportemental | Acad\u00e9mie Bella\u00eb - Votre rituel Bien-\u00eatre","isPartOf":{"@id":"https:\/\/www.bellae-institut.com\/#website"},"primaryImageOfPage":{"@id":"https:\/\/www.bellae-institut.com\/apprendre-masser\/style-comportemental\/#primaryimage"},"image":{"@id":"https:\/\/www.bellae-institut.com\/apprendre-masser\/style-comportemental\/#primaryimage"},"thumbnailUrl":"https:\/\/i0.wp.com\/www.bellae-institut.com\/wp-content\/uploads\/2023\/06\/Sandra_Didier.jpg?fit=1400%2C1400&ssl=1","datePublished":"2023-06-17T13:24:15+00:00","dateModified":"2023-06-17T13:28:55+00:00","description":"D\u00e9couvrez votre style comportemental gr\u00e2ce \u00e0 la m\u00e9thode Arc-en-Ciel DISC et apprenez \u00e0 mieux vous conna\u00eetre, mieux conna\u00eetre l'autre et...","breadcrumb":{"@id":"https:\/\/www.bellae-institut.com\/apprendre-masser\/style-comportemental\/#breadcrumb"},"inLanguage":"pt-PT","potentialAction":[{"@type":"ReadAction","target":["https:\/\/www.bellae-institut.com\/apprendre-masser\/style-comportemental\/"]}]},{"@type":"ImageObject","inLanguage":"pt-PT","@id":"https:\/\/www.bellae-institut.com\/apprendre-masser\/style-comportemental\/#primaryimage","url":"https:\/\/i0.wp.com\/www.bellae-institut.com\/wp-content\/uploads\/2023\/06\/Sandra_Didier.jpg?fit=1400%2C1400&ssl=1","contentUrl":"https:\/\/i0.wp.com\/www.bellae-institut.com\/wp-content\/uploads\/2023\/06\/Sandra_Didier.jpg?fit=1400%2C1400&ssl=1","width":1400,"height":1400,"caption":"didier et sandra"},{"@type":"BreadcrumbList","@id":"https:\/\/www.bellae-institut.com\/apprendre-masser\/style-comportemental\/#breadcrumb","itemListElement":[{"@type":"ListItem","position":1,"name":"Accueil","item":"https:\/\/www.bellae-institut.com\/"},{"@type":"ListItem","position":2,"name":"ACADEMIE BELLA\u00cb","item":"https:\/\/www.bellae-institut.com\/apprendre-masser\/"},{"@type":"ListItem","position":3,"name":"D\u00e9briefing AEC DISC en Groupe"}]},{"@type":"WebSite","@id":"https:\/\/www.bellae-institut.com\/#website","url":"https:\/\/www.bellae-institut.com\/","name":"Bella\u00eb","description":"Bien-\u00eatre &amp; Beaut\u00e9","publisher":{"@id":"https:\/\/www.bellae-institut.com\/#organization"},"potentialAction":[{"@type":"SearchAction","target":{"@type":"EntryPoint","urlTemplate":"https:\/\/www.bellae-institut.com\/?s={search_term_string}"},"query-input":{"@type":"PropertyValueSpecification","valueRequired":true,"valueName":"search_term_string"}}],"inLanguage":"pt-PT"},{"@type":"Organization","@id":"https:\/\/www.bellae-institut.com\/#organization","name":"Bella\u00eb","url":"https:\/\/www.bellae-institut.com\/","logo":{"@type":"ImageObject","inLanguage":"pt-PT","@id":"https:\/\/www.bellae-institut.com\/#\/schema\/logo\/image\/","url":"https:\/\/i0.wp.com\/www.bellae-institut.com\/wp-content\/uploads\/2023\/07\/Academie-Bellae_logo-B-seul.png?fit=482%2C481&ssl=1","contentUrl":"https:\/\/i0.wp.com\/www.bellae-institut.com\/wp-content\/uploads\/2023\/07\/Academie-Bellae_logo-B-seul.png?fit=482%2C481&ssl=1","width":482,"height":481,"caption":"Bella\u00eb"},"image":{"@id":"https:\/\/www.bellae-institut.com\/#\/schema\/logo\/image\/"}}]}},"jetpack-related-posts":[],"jetpack_sharing_enabled":true,"_links":{"self":[{"href":"https:\/\/www.bellae-institut.com\/pt\/wp-json\/wp\/v2\/pages\/14561","targetHints":{"allow":["GET"]}}],"collection":[{"href":"https:\/\/www.bellae-institut.com\/pt\/wp-json\/wp\/v2\/pages"}],"about":[{"href":"https:\/\/www.bellae-institut.com\/pt\/wp-json\/wp\/v2\/types\/page"}],"author":[{"embeddable":true,"href":"https:\/\/www.bellae-institut.com\/pt\/wp-json\/wp\/v2\/users\/210"}],"replies":[{"embeddable":true,"href":"https:\/\/www.bellae-institut.com\/pt\/wp-json\/wp\/v2\/comments?post=14561"}],"version-history":[{"count":3,"href":"https:\/\/www.bellae-institut.com\/pt\/wp-json\/wp\/v2\/pages\/14561\/revisions"}],"predecessor-version":[{"id":14572,"href":"https:\/\/www.bellae-institut.com\/pt\/wp-json\/wp\/v2\/pages\/14561\/revisions\/14572"}],"up":[{"embeddable":true,"href":"https:\/\/www.bellae-institut.com\/pt\/wp-json\/wp\/v2\/pages\/7432"}],"wp:featuredmedia":[{"embeddable":true,"href":"https:\/\/www.bellae-institut.com\/pt\/wp-json\/wp\/v2\/media\/14490"}],"wp:attachment":[{"href":"https:\/\/www.bellae-institut.com\/pt\/wp-json\/wp\/v2\/media?parent=14561"}],"curies":[{"name":"wp","href":"https:\/\/api.w.org\/{rel}","templated":true}]}}