{"id":7947,"date":"2022-07-09T16:25:54","date_gmt":"2022-07-09T14:25:54","guid":{"rendered":"https:\/\/www.bellae-institut.com\/?page_id=7947"},"modified":"2023-12-30T15:46:24","modified_gmt":"2023-12-30T14:46:24","slug":"programme-seminaire-massage","status":"publish","type":"page","link":"https:\/\/www.bellae-institut.com\/pt\/apprendre-masser\/programme-seminaire-massage\/","title":{"rendered":"PROGRAMME DE SEMINAIRE"},"content":{"rendered":"<div data-colibri-id=\"7947-c1\" class=\"style-2205 style-local-7947-c1 position-relative\">\r\n  <!---->\r\n  <div data-colibri-component=\"section\" data-colibri-id=\"7947-c2\" id=\"custom\" class=\"h-section h-section-global-spacing d-flex align-items-lg-center align-items-md-center align-items-center style-2206 style-local-7947-c2 position-relative\">\r\n    <!---->\r\n    <!---->\r\n    <div class=\"h-section-grid-container h-section-boxed-container\">\r\n      <!---->\r\n      <div data-colibri-id=\"7947-c3\" class=\"h-row-container gutters-row-lg-2 gutters-row-md-2 gutters-row-0 gutters-row-v-lg-2 gutters-row-v-md-2 gutters-row-v-2 style-2207 style-local-7947-c3 position-relative\">\r\n        <!---->\r\n        <div class=\"h-row justify-content-lg-center justify-content-md-center justify-content-center align-items-lg-stretch align-items-md-stretch align-items-stretch gutters-col-lg-2 gutters-col-md-2 gutters-col-0 gutters-col-v-lg-2 gutters-col-v-md-2 gutters-col-v-2\">\r\n          <!---->\r\n          <div class=\"h-column h-column-container d-flex h-col-lg-auto h-col-md-auto h-col-auto style-2208-outer style-local-7947-c4-outer\">\r\n            <div data-colibri-id=\"7947-c4\" class=\"d-flex h-flex-basis h-column__inner h-px-lg-2 h-px-md-2 h-px-2 v-inner-lg-2 v-inner-md-2 v-inner-2 style-2208 style-local-7947-c4 position-relative\">\r\n              <!---->\r\n              <!---->\r\n              <div class=\"w-100 h-y-container h-column__content h-column__v-align flex-basis-100 align-self-lg-start align-self-md-start align-self-start\">\r\n                <!---->\r\n                <div data-colibri-id=\"7947-c5\" class=\"style-2209 style-local-7947-c5 position-relative h-element\">\r\n                  <!---->\r\n                  <div class=\"\"><div class=\"_df_book df-lite\" id=\"df_15280\"  _slug=\"15280\" data-title=\"seminaire-massage-bien-etre-portugal\" wpoptions=\"true\" thumbtype=\"\" ><\/div><script class=\"df-shortcode-script\" nowprocket type=\"application\/javascript\">window.option_df_15280 = {\"outline\":[],\"backgroundColor\":\"#E8F0E8\",\"autoEnableOutline\":\"false\",\"autoEnableThumbnail\":\"false\",\"overwritePDFOutline\":\"false\",\"direction\":\"1\",\"pageSize\":\"0\",\"source\":\"https:\\\/\\\/www.bellae-institut.com\\\/wp-content\\\/uploads\\\/2024\\\/02\\\/STAGE-INITIATION-MASSAGE.pdf\",\"wpOptions\":\"true\"}; if(window.DFLIP && window.DFLIP.parseBooks){window.DFLIP.parseBooks();}<\/script><\/div>\r\n                <\/div>\r\n              <\/div>\r\n            <\/div>\r\n          <\/div>\r\n        <\/div>\r\n      <\/div>\r\n    <\/div>\r\n  <\/div>\r\n  <div data-colibri-component=\"section\" data-colibri-id=\"7947-c6\" id=\"reusable-sections\" class=\"h-section h-section-global-spacing d-flex align-items-lg-center align-items-md-center align-items-center style-2356 style-local-7947-c6 position-relative\">\r\n    <!---->\r\n    <!---->\r\n    <div class=\"h-section-grid-container h-section-boxed-container\">\r\n      <!---->\r\n      <div data-colibri-id=\"7947-c7\" class=\"h-row-container gutters-row-lg-2 gutters-row-md-2 gutters-row-0 gutters-row-v-lg-2 gutters-row-v-md-2 gutters-row-v-2 style-5603 style-local-7947-c7 position-relative\">\r\n        <!---->\r\n        <div class=\"h-row justify-content-lg-center justify-content-md-center justify-content-center align-items-lg-stretch align-items-md-stretch align-items-stretch gutters-col-lg-2 gutters-col-md-2 gutters-col-0 gutters-col-v-lg-2 gutters-col-v-md-2 gutters-col-v-2\">\r\n          <!---->\r\n          <div class=\"h-column h-column-container d-flex h-col-lg-auto h-col-md-auto h-col-auto style-5604-outer style-local-7947-c8-outer\">\r\n            <div data-colibri-id=\"7947-c8\" class=\"d-flex h-flex-basis h-column__inner h-px-lg-2 h-px-md-2 h-px-2 v-inner-lg-2 v-inner-md-2 v-inner-2 style-5604 style-local-7947-c8 position-relative\">\r\n              <!---->\r\n              <!---->\r\n              <div class=\"w-100 h-y-container h-column__content h-column__v-align flex-basis-100 align-self-lg-start align-self-md-start align-self-start\">\r\n                <!---->\r\n                <div data-colibri-id=\"7947-c9\" class=\"h-global-transition-all h-heading style-5602 style-local-7947-c9 position-relative h-element\">\r\n                  <!---->\r\n                  <div class=\"h-heading__outer style-5602 style-local-7947-c9\">\r\n                    <!---->\r\n                    <!---->\r\n                    <h2 class=\"\">PROCHAINS SEMINAIRES<\/h2>\r\n                  <\/div>\r\n                <\/div>\r\n                <div data-colibri-id=\"7947-c10\" class=\"style-5601 style-local-7947-c10 position-relative h-element\">\r\n                  <!---->\r\n                  <div class=\"\">[ameliaevents type=list tag=\u00a0\u00bbSEMINAIRE\u00a0\u00bb]<\/div>\r\n                <\/div>\r\n              <\/div>\r\n            <\/div>\r\n          <\/div>\r\n        <\/div>\r\n      <\/div>\r\n      <div data-colibri-id=\"7947-c11\" class=\"h-row-container gutters-row-lg-2 gutters-row-md-2 gutters-row-0 gutters-row-v-lg-2 gutters-row-v-md-2 gutters-row-v-2 style-2357 style-local-7947-c11 position-relative\">\r\n        <!---->\r\n        <div class=\"h-row justify-content-lg-center justify-content-md-center justify-content-center align-items-lg-stretch align-items-md-stretch align-items-stretch gutters-col-lg-2 gutters-col-md-2 gutters-col-0 gutters-col-v-lg-2 gutters-col-v-md-2 gutters-col-v-2\">\r\n          <!---->\r\n          <div class=\"h-column h-column-container d-flex h-col-lg-auto h-col-md-auto h-col-auto style-2358-outer style-local-7947-c12-outer\">\r\n            <div data-colibri-id=\"7947-c12\" class=\"d-flex h-flex-basis h-column__inner h-px-lg-2 h-px-md-2 h-px-2 v-inner-lg-2 v-inner-md-2 v-inner-2 style-2358 style-local-7947-c12 position-relative\">\r\n              <!---->\r\n              <!---->\r\n              <div class=\"w-100 h-y-container h-column__content h-column__v-align flex-basis-100 align-self-lg-start align-self-md-start align-self-start\">\r\n                <!---->\r\n                <div data-colibri-id=\"7947-c13\" data-aos=\"fadeInDown\" class=\"h-icon style-2359 style-local-7947-c13 position-relative h-element\">\r\n                  <!----><span class=\"h-svg-icon h-icon__icon style-2359-icon style-local-7947-c13-icon\"><!--Icon by Ionicons (https:\/\/ionicons.com)--><svg version=\"1.1\" xmlns=\"http:\/\/www.w3.org\/2000\/svg\" xmlns:xlink=\"http:\/\/www.w3.org\/1999\/xlink\" id=\"ios-arrow-down\" viewBox=\"0 0 320 512\"><path d=\"M301 160l19 21-160 171L0 181l19-21 141 150z\"><\/path><\/svg><\/span><\/div>\r\n              <\/div>\r\n            <\/div>\r\n          <\/div>\r\n        <\/div>\r\n      <\/div>\r\n      <div data-colibri-id=\"7947-c14\" class=\"h-row-container gutters-row-lg-2 gutters-row-md-2 gutters-row-0 gutters-row-v-lg-2 gutters-row-v-md-2 gutters-row-v-2 style-2360 style-local-7947-c14 position-relative\">\r\n        <!---->\r\n        <div class=\"h-row justify-content-lg-center justify-content-md-center justify-content-center align-items-lg-stretch align-items-md-stretch align-items-stretch gutters-col-lg-2 gutters-col-md-2 gutters-col-0 gutters-col-v-lg-2 gutters-col-v-md-2 gutters-col-v-2\">\r\n          <!---->\r\n          <div class=\"h-column h-column-container d-flex h-col-lg-auto h-col-md-auto h-col-auto style-2361-outer style-local-7947-c15-outer\">\r\n            <div data-colibri-id=\"7947-c15\" class=\"d-flex h-flex-basis h-column__inner h-px-lg-0 h-px-md-0 h-px-2 v-inner-lg-0 v-inner-md-0 v-inner-2 style-2361 style-local-7947-c15 position-relative\">\r\n              <!---->\r\n              <!---->\r\n              <div class=\"w-100 h-y-container h-column__content h-column__v-align flex-basis-100 align-self-lg-start align-self-md-start align-self-start\">\r\n                <!---->\r\n                <div data-colibri-id=\"7947-c16\" class=\"h-global-transition-all h-heading style-2362 style-local-7947-c16 position-relative h-element\">\r\n                  <!---->\r\n                  <div class=\"h-heading__outer style-2362 style-local-7947-c16\">\r\n                    <!---->\r\n                    <!---->\r\n                    <h2 class=\"\">centre de formation<\/h2>\r\n                  <\/div>\r\n                <\/div>\r\n                <div data-colibri-id=\"7947-c17\" class=\"h-text h-text-component style-2363 style-local-7947-c17 position-relative h-element\">\r\n                  <!---->\r\n                  <!---->\r\n                  <div class=\"\">\r\n                    <p>Num\u00e9ro de D\u00e9claration d&rsquo;Activit\u00e9\r\n                      <br>11 95 07736 95<\/p>\r\n                  <\/div>\r\n                <\/div>\r\n                <div data-colibri-id=\"7947-c18\" class=\"d-block style-2364 style-local-7947-c18 position-relative h-element\">\r\n                  <!---->\r\n                  <div class=\"h-image__frame-container-outer\">\r\n                    <a href=\"https:\/\/www.bellae-institut.com\/apprendre-masser\/\" h-use-smooth-scroll=\"true\" class=\"image-link\">\r\n                      <div class=\"h-image__frame-container\">\r\n                        <!---->\r\n                        <!---->\r\n                        <img data-recalc-dims=\"1\" fetchpriority=\"high\" decoding=\"async\" width=\"1167\" height=\"1167\" src=\"https:\/\/i0.wp.com\/www.bellae-institut.com\/wp-content\/uploads\/2022\/08\/Academie-Bellae_fond-transparent.png?resize=1167%2C1167&#038;ssl=1\" class=\"wp-image-8359 style-2364-image style-local-7947-c18-image\" alt=\"logo acad\u00e9mie\" srcset=\"https:\/\/i0.wp.com\/www.bellae-institut.com\/wp-content\/uploads\/2022\/08\/Academie-Bellae_fond-transparent.png?w=1167&amp;ssl=1 1167w, https:\/\/i0.wp.com\/www.bellae-institut.com\/wp-content\/uploads\/2022\/08\/Academie-Bellae_fond-transparent.png?resize=300%2C300&amp;ssl=1 300w, https:\/\/i0.wp.com\/www.bellae-institut.com\/wp-content\/uploads\/2022\/08\/Academie-Bellae_fond-transparent.png?resize=1024%2C1024&amp;ssl=1 1024w, https:\/\/i0.wp.com\/www.bellae-institut.com\/wp-content\/uploads\/2022\/08\/Academie-Bellae_fond-transparent.png?resize=150%2C150&amp;ssl=1 150w, https:\/\/i0.wp.com\/www.bellae-institut.com\/wp-content\/uploads\/2022\/08\/Academie-Bellae_fond-transparent.png?resize=768%2C768&amp;ssl=1 768w, https:\/\/i0.wp.com\/www.bellae-institut.com\/wp-content\/uploads\/2022\/08\/Academie-Bellae_fond-transparent.png?resize=96%2C96&amp;ssl=1 96w, https:\/\/i0.wp.com\/www.bellae-institut.com\/wp-content\/uploads\/2022\/08\/Academie-Bellae_fond-transparent.png?resize=42%2C42&amp;ssl=1 42w, https:\/\/i0.wp.com\/www.bellae-institut.com\/wp-content\/uploads\/2022\/08\/Academie-Bellae_fond-transparent.png?resize=600%2C600&amp;ssl=1 600w, https:\/\/i0.wp.com\/www.bellae-institut.com\/wp-content\/uploads\/2022\/08\/Academie-Bellae_fond-transparent.png?resize=100%2C100&amp;ssl=1 100w, https:\/\/i0.wp.com\/www.bellae-institut.com\/wp-content\/uploads\/2022\/08\/Academie-Bellae_fond-transparent.png?resize=64%2C64&amp;ssl=1 64w\" sizes=\"(max-width: 1000px) 100vw, 1000px\" \/>\r\n                        <div class=\"h-image__frame h-hide-lg h-hide-md h-hide-sm style-2364-frameImage style-local-7947-c18-frameImage\"><\/div>\r\n                      <\/div>\r\n                    <\/a>\r\n                  <\/div>\r\n                <\/div>\r\n              <\/div>\r\n            <\/div>\r\n          <\/div>\r\n        <\/div>\r\n      <\/div>\r\n    <\/div>\r\n  <\/div>\r\n<\/div>","protected":false},"excerpt":{"rendered":"<p>PROCHAINS SEMINAIRES [ameliaevents type=list tag=\u00a0\u00bbSEMINAIRE\u00a0\u00bb] centre de formation Num\u00e9ro de D\u00e9claration d&rsquo;Activit\u00e9 11 95 07736 95<\/p>\n","protected":false},"author":1,"featured_media":16370,"parent":7432,"menu_order":0,"comment_status":"closed","ping_status":"closed","template":"page-templates\/full-width-page.php","meta":{"_joinchat":[],"footnotes":""},"class_list":["post-7947","page","type-page","status-publish","has-post-thumbnail","hentry"],"yoast_head":"<!-- This site is optimized with the Yoast SEO plugin v27.4 - https:\/\/yoast.com\/product\/yoast-seo-wordpress\/ -->\n<title>Programme s\u00e9minaire Massage | Acad\u00e9mie Bella\u00eb<\/title>\n<meta name=\"description\" content=\"Partez en retraite bien-\u00eatre et d\u00e9couvrez notre Programme s\u00e9minaire Massage au Portugal... Une exp\u00e9rience unique !\" \/>\n<meta name=\"robots\" content=\"index, follow, max-snippet:-1, max-image-preview:large, max-video-preview:-1\" \/>\n<link rel=\"canonical\" href=\"https:\/\/www.bellae-institut.com\/pt\/apprendre-masser\/programme-seminaire-massage\/\" \/>\n<meta property=\"og:locale\" content=\"pt_PT\" \/>\n<meta property=\"og:type\" content=\"article\" \/>\n<meta property=\"og:title\" content=\"Programme s\u00e9minaire Massage | Acad\u00e9mie Bella\u00eb\" \/>\n<meta property=\"og:description\" content=\"Partez en retraite bien-\u00eatre et d\u00e9couvrez notre Programme s\u00e9minaire Massage au Portugal... Une exp\u00e9rience unique !\" \/>\n<meta property=\"og:url\" content=\"https:\/\/www.bellae-institut.com\/pt\/apprendre-masser\/programme-seminaire-massage\/\" \/>\n<meta property=\"og:site_name\" content=\"Bella\u00eb\" \/>\n<meta property=\"article:modified_time\" content=\"2023-12-30T14:46:24+00:00\" \/>\n<meta property=\"og:image\" content=\"https:\/\/www.bellae-institut.com\/wp-content\/uploads\/2023\/06\/cropped-WhatsApp-Image-2021-09-03-at-11.16.44-2.jpeg\" \/>\n\t<meta property=\"og:image:width\" content=\"1200\" \/>\n\t<meta property=\"og:image:height\" content=\"1199\" \/>\n\t<meta property=\"og:image:type\" content=\"image\/jpeg\" \/>\n<meta name=\"twitter:card\" content=\"summary_large_image\" \/>\n<meta name=\"twitter:label1\" content=\"Tempo estimado de leitura\" \/>\n\t<meta name=\"twitter:data1\" content=\"1 minuto\" \/>\n<script type=\"application\/ld+json\" class=\"yoast-schema-graph\">{\"@context\":\"https:\\\/\\\/schema.org\",\"@graph\":[{\"@type\":\"WebPage\",\"@id\":\"https:\\\/\\\/www.bellae-institut.com\\\/apprendre-masser\\\/programme-seminaire-massage\\\/\",\"url\":\"https:\\\/\\\/www.bellae-institut.com\\\/apprendre-masser\\\/programme-seminaire-massage\\\/\",\"name\":\"Programme s\u00e9minaire Massage | Acad\u00e9mie Bella\u00eb\",\"isPartOf\":{\"@id\":\"https:\\\/\\\/www.bellae-institut.com\\\/#website\"},\"primaryImageOfPage\":{\"@id\":\"https:\\\/\\\/www.bellae-institut.com\\\/apprendre-masser\\\/programme-seminaire-massage\\\/#primaryimage\"},\"image\":{\"@id\":\"https:\\\/\\\/www.bellae-institut.com\\\/apprendre-masser\\\/programme-seminaire-massage\\\/#primaryimage\"},\"thumbnailUrl\":\"https:\\\/\\\/i0.wp.com\\\/www.bellae-institut.com\\\/wp-content\\\/uploads\\\/2023\\\/06\\\/cropped-WhatsApp-Image-2021-09-03-at-11.16.44-2.jpeg?fit=1200%2C1199&ssl=1\",\"datePublished\":\"2022-07-09T14:25:54+00:00\",\"dateModified\":\"2023-12-30T14:46:24+00:00\",\"description\":\"Partez en retraite bien-\u00eatre et d\u00e9couvrez notre Programme s\u00e9minaire Massage au Portugal... Une exp\u00e9rience unique !\",\"breadcrumb\":{\"@id\":\"https:\\\/\\\/www.bellae-institut.com\\\/apprendre-masser\\\/programme-seminaire-massage\\\/#breadcrumb\"},\"inLanguage\":\"pt-PT\",\"potentialAction\":[{\"@type\":\"ReadAction\",\"target\":[\"https:\\\/\\\/www.bellae-institut.com\\\/apprendre-masser\\\/programme-seminaire-massage\\\/\"]}]},{\"@type\":\"ImageObject\",\"inLanguage\":\"pt-PT\",\"@id\":\"https:\\\/\\\/www.bellae-institut.com\\\/apprendre-masser\\\/programme-seminaire-massage\\\/#primaryimage\",\"url\":\"https:\\\/\\\/i0.wp.com\\\/www.bellae-institut.com\\\/wp-content\\\/uploads\\\/2023\\\/06\\\/cropped-WhatsApp-Image-2021-09-03-at-11.16.44-2.jpeg?fit=1200%2C1199&ssl=1\",\"contentUrl\":\"https:\\\/\\\/i0.wp.com\\\/www.bellae-institut.com\\\/wp-content\\\/uploads\\\/2023\\\/06\\\/cropped-WhatsApp-Image-2021-09-03-at-11.16.44-2.jpeg?fit=1200%2C1199&ssl=1\",\"width\":1200,\"height\":1199,\"caption\":\"massage plage portugal\"},{\"@type\":\"BreadcrumbList\",\"@id\":\"https:\\\/\\\/www.bellae-institut.com\\\/apprendre-masser\\\/programme-seminaire-massage\\\/#breadcrumb\",\"itemListElement\":[{\"@type\":\"ListItem\",\"position\":1,\"name\":\"Accueil\",\"item\":\"https:\\\/\\\/www.bellae-institut.com\\\/\"},{\"@type\":\"ListItem\",\"position\":2,\"name\":\"ACADEMIE BELLA\u00cb\",\"item\":\"https:\\\/\\\/www.bellae-institut.com\\\/apprendre-masser\\\/\"},{\"@type\":\"ListItem\",\"position\":3,\"name\":\"PROGRAMME DE SEMINAIRE\"}]},{\"@type\":\"WebSite\",\"@id\":\"https:\\\/\\\/www.bellae-institut.com\\\/#website\",\"url\":\"https:\\\/\\\/www.bellae-institut.com\\\/\",\"name\":\"Bella\u00eb\",\"description\":\"Bien-\u00eatre &amp; Beaut\u00e9\",\"publisher\":{\"@id\":\"https:\\\/\\\/www.bellae-institut.com\\\/#organization\"},\"potentialAction\":[{\"@type\":\"SearchAction\",\"target\":{\"@type\":\"EntryPoint\",\"urlTemplate\":\"https:\\\/\\\/www.bellae-institut.com\\\/?s={search_term_string}\"},\"query-input\":{\"@type\":\"PropertyValueSpecification\",\"valueRequired\":true,\"valueName\":\"search_term_string\"}}],\"inLanguage\":\"pt-PT\"},{\"@type\":\"Organization\",\"@id\":\"https:\\\/\\\/www.bellae-institut.com\\\/#organization\",\"name\":\"Bella\u00eb\",\"url\":\"https:\\\/\\\/www.bellae-institut.com\\\/\",\"logo\":{\"@type\":\"ImageObject\",\"inLanguage\":\"pt-PT\",\"@id\":\"https:\\\/\\\/www.bellae-institut.com\\\/#\\\/schema\\\/logo\\\/image\\\/\",\"url\":\"https:\\\/\\\/i0.wp.com\\\/www.bellae-institut.com\\\/wp-content\\\/uploads\\\/2023\\\/07\\\/Academie-Bellae_logo-B-seul.png?fit=482%2C481&ssl=1\",\"contentUrl\":\"https:\\\/\\\/i0.wp.com\\\/www.bellae-institut.com\\\/wp-content\\\/uploads\\\/2023\\\/07\\\/Academie-Bellae_logo-B-seul.png?fit=482%2C481&ssl=1\",\"width\":482,\"height\":481,\"caption\":\"Bella\u00eb\"},\"image\":{\"@id\":\"https:\\\/\\\/www.bellae-institut.com\\\/#\\\/schema\\\/logo\\\/image\\\/\"}}]}<\/script>\n<!-- \/ Yoast SEO plugin. -->","yoast_head_json":{"title":"Programme s\u00e9minaire Massage | Acad\u00e9mie Bella\u00eb","description":"Partez en retraite bien-\u00eatre et d\u00e9couvrez notre Programme s\u00e9minaire Massage au Portugal... Une exp\u00e9rience unique !","robots":{"index":"index","follow":"follow","max-snippet":"max-snippet:-1","max-image-preview":"max-image-preview:large","max-video-preview":"max-video-preview:-1"},"canonical":"https:\/\/www.bellae-institut.com\/pt\/apprendre-masser\/programme-seminaire-massage\/","og_locale":"pt_PT","og_type":"article","og_title":"Programme s\u00e9minaire Massage | Acad\u00e9mie Bella\u00eb","og_description":"Partez en retraite bien-\u00eatre et d\u00e9couvrez notre Programme s\u00e9minaire Massage au Portugal... Une exp\u00e9rience unique !","og_url":"https:\/\/www.bellae-institut.com\/pt\/apprendre-masser\/programme-seminaire-massage\/","og_site_name":"Bella\u00eb","article_modified_time":"2023-12-30T14:46:24+00:00","og_image":[{"width":1200,"height":1199,"url":"https:\/\/www.bellae-institut.com\/wp-content\/uploads\/2023\/06\/cropped-WhatsApp-Image-2021-09-03-at-11.16.44-2.jpeg","type":"image\/jpeg"}],"twitter_card":"summary_large_image","twitter_misc":{"Tempo estimado de leitura":"1 minuto"},"schema":{"@context":"https:\/\/schema.org","@graph":[{"@type":"WebPage","@id":"https:\/\/www.bellae-institut.com\/apprendre-masser\/programme-seminaire-massage\/","url":"https:\/\/www.bellae-institut.com\/apprendre-masser\/programme-seminaire-massage\/","name":"Programme s\u00e9minaire Massage | Acad\u00e9mie Bella\u00eb","isPartOf":{"@id":"https:\/\/www.bellae-institut.com\/#website"},"primaryImageOfPage":{"@id":"https:\/\/www.bellae-institut.com\/apprendre-masser\/programme-seminaire-massage\/#primaryimage"},"image":{"@id":"https:\/\/www.bellae-institut.com\/apprendre-masser\/programme-seminaire-massage\/#primaryimage"},"thumbnailUrl":"https:\/\/i0.wp.com\/www.bellae-institut.com\/wp-content\/uploads\/2023\/06\/cropped-WhatsApp-Image-2021-09-03-at-11.16.44-2.jpeg?fit=1200%2C1199&ssl=1","datePublished":"2022-07-09T14:25:54+00:00","dateModified":"2023-12-30T14:46:24+00:00","description":"Partez en retraite bien-\u00eatre et d\u00e9couvrez notre Programme s\u00e9minaire Massage au Portugal... Une exp\u00e9rience unique !","breadcrumb":{"@id":"https:\/\/www.bellae-institut.com\/apprendre-masser\/programme-seminaire-massage\/#breadcrumb"},"inLanguage":"pt-PT","potentialAction":[{"@type":"ReadAction","target":["https:\/\/www.bellae-institut.com\/apprendre-masser\/programme-seminaire-massage\/"]}]},{"@type":"ImageObject","inLanguage":"pt-PT","@id":"https:\/\/www.bellae-institut.com\/apprendre-masser\/programme-seminaire-massage\/#primaryimage","url":"https:\/\/i0.wp.com\/www.bellae-institut.com\/wp-content\/uploads\/2023\/06\/cropped-WhatsApp-Image-2021-09-03-at-11.16.44-2.jpeg?fit=1200%2C1199&ssl=1","contentUrl":"https:\/\/i0.wp.com\/www.bellae-institut.com\/wp-content\/uploads\/2023\/06\/cropped-WhatsApp-Image-2021-09-03-at-11.16.44-2.jpeg?fit=1200%2C1199&ssl=1","width":1200,"height":1199,"caption":"massage plage portugal"},{"@type":"BreadcrumbList","@id":"https:\/\/www.bellae-institut.com\/apprendre-masser\/programme-seminaire-massage\/#breadcrumb","itemListElement":[{"@type":"ListItem","position":1,"name":"Accueil","item":"https:\/\/www.bellae-institut.com\/"},{"@type":"ListItem","position":2,"name":"ACADEMIE BELLA\u00cb","item":"https:\/\/www.bellae-institut.com\/apprendre-masser\/"},{"@type":"ListItem","position":3,"name":"PROGRAMME DE SEMINAIRE"}]},{"@type":"WebSite","@id":"https:\/\/www.bellae-institut.com\/#website","url":"https:\/\/www.bellae-institut.com\/","name":"Bella\u00eb","description":"Bien-\u00eatre &amp; Beaut\u00e9","publisher":{"@id":"https:\/\/www.bellae-institut.com\/#organization"},"potentialAction":[{"@type":"SearchAction","target":{"@type":"EntryPoint","urlTemplate":"https:\/\/www.bellae-institut.com\/?s={search_term_string}"},"query-input":{"@type":"PropertyValueSpecification","valueRequired":true,"valueName":"search_term_string"}}],"inLanguage":"pt-PT"},{"@type":"Organization","@id":"https:\/\/www.bellae-institut.com\/#organization","name":"Bella\u00eb","url":"https:\/\/www.bellae-institut.com\/","logo":{"@type":"ImageObject","inLanguage":"pt-PT","@id":"https:\/\/www.bellae-institut.com\/#\/schema\/logo\/image\/","url":"https:\/\/i0.wp.com\/www.bellae-institut.com\/wp-content\/uploads\/2023\/07\/Academie-Bellae_logo-B-seul.png?fit=482%2C481&ssl=1","contentUrl":"https:\/\/i0.wp.com\/www.bellae-institut.com\/wp-content\/uploads\/2023\/07\/Academie-Bellae_logo-B-seul.png?fit=482%2C481&ssl=1","width":482,"height":481,"caption":"Bella\u00eb"},"image":{"@id":"https:\/\/www.bellae-institut.com\/#\/schema\/logo\/image\/"}}]}},"jetpack-related-posts":[],"jetpack_sharing_enabled":true,"_links":{"self":[{"href":"https:\/\/www.bellae-institut.com\/pt\/wp-json\/wp\/v2\/pages\/7947","targetHints":{"allow":["GET"]}}],"collection":[{"href":"https:\/\/www.bellae-institut.com\/pt\/wp-json\/wp\/v2\/pages"}],"about":[{"href":"https:\/\/www.bellae-institut.com\/pt\/wp-json\/wp\/v2\/types\/page"}],"author":[{"embeddable":true,"href":"https:\/\/www.bellae-institut.com\/pt\/wp-json\/wp\/v2\/users\/1"}],"replies":[{"embeddable":true,"href":"https:\/\/www.bellae-institut.com\/pt\/wp-json\/wp\/v2\/comments?post=7947"}],"version-history":[{"count":13,"href":"https:\/\/www.bellae-institut.com\/pt\/wp-json\/wp\/v2\/pages\/7947\/revisions"}],"predecessor-version":[{"id":18777,"href":"https:\/\/www.bellae-institut.com\/pt\/wp-json\/wp\/v2\/pages\/7947\/revisions\/18777"}],"up":[{"embeddable":true,"href":"https:\/\/www.bellae-institut.com\/pt\/wp-json\/wp\/v2\/pages\/7432"}],"wp:featuredmedia":[{"embeddable":true,"href":"https:\/\/www.bellae-institut.com\/pt\/wp-json\/wp\/v2\/media\/16370"}],"wp:attachment":[{"href":"https:\/\/www.bellae-institut.com\/pt\/wp-json\/wp\/v2\/media?parent=7947"}],"curies":[{"name":"wp","href":"https:\/\/api.w.org\/{rel}","templated":true}]}}